{"id":6274,"date":"2021-06-02T20:14:46","date_gmt":"2021-06-02T18:14:46","guid":{"rendered":"https:\/\/eterle.cz\/eshopprodukt\/servirovaci-misa-s-jablickem\/"},"modified":"2025-02-16T03:06:24","modified_gmt":"2025-02-16T02:06:24","slug":"servirovaci-misa-s-jablickem","status":"publish","type":"product","link":"https:\/\/eterle.cz\/eshop\/produkt\/servirovaci-misa-s-jablickem\/","title":{"rendered":"Serv\u00edrovac\u00ed m\u00edsa s jabl\u00ed\u010dkem"},"content":{"rendered":"<p>M\u00edsa s mal\u00fdm jabl\u00ed\u010dkem jak stvo\u0159en\u00e1 pro jarn\u00ed stolov\u00e1n\u00ed. Nen\u00ed sice zna\u010den\u00e1, ale poch\u00e1z\u00ed ze Slavkova z nejstar\u0161\u00ed porcel\u00e1nky v \u010cech\u00e1ch &#8211; Haas a Czjek. Jestli do n\u00ed d\u00e1te knedl\u00edky, brambory na loupa\u010dku nebo \u0161pagety, nech\u00e1me u\u017e na v\u00e1s. V\u011b\u0159\u00edme ale, \u017ee a\u0165 u\u017e to bude cokoliv, bude serv\u00edrov\u00e1n\u00ed j\u00eddla radost.<\/p>\n<p>Zna\u010dka: Haas a Czjzek (nezna\u010den\u00e1)<br \/>\nStav: perfektn\u00ed<br \/>\nRozm\u011br:<br \/>\nOjem: 2 l<\/p>\n","protected":false},"excerpt":{"rendered":"<p>M\u00edsa s mal\u00fdm jabl\u00ed\u010dkem jak stvo\u0159en\u00e1 pro jarn\u00ed stolov\u00e1n\u00ed. Nen\u00ed sice zna\u010den\u00e1, ale poch\u00e1z\u00ed ze Slavkova z nejstar\u0161\u00ed porcel\u00e1nky v<\/p>\n","protected":false},"featured_media":6275,"template":"","meta":[],"product_brand":[153],"product_cat":[91],"product_tag":[],"class_list":{"0":"post-6274","1":"product","2":"type-product","3":"status-publish","4":"has-post-thumbnail","6":"product_brand-eterle-cz","7":"product_cat-prodane","9":"first","10":"outofstock","11":"purchasable","12":"product-type-simple"},"_links":{"self":[{"href":"https:\/\/eterle.cz\/eshop\/wp-json\/wp\/v2\/product\/6274","targetHints":{"allow":["GET"]}}],"collection":[{"href":"https:\/\/eterle.cz\/eshop\/wp-json\/wp\/v2\/product"}],"about":[{"href":"https:\/\/eterle.cz\/eshop\/wp-json\/wp\/v2\/types\/product"}],"version-history":[{"count":0,"href":"https:\/\/eterle.cz\/eshop\/wp-json\/wp\/v2\/product\/6274\/revisions"}],"wp:featuredmedia":[{"embeddable":true,"href":"https:\/\/eterle.cz\/eshop\/wp-json\/wp\/v2\/media\/6275"}],"wp:attachment":[{"href":"https:\/\/eterle.cz\/eshop\/wp-json\/wp\/v2\/media?parent=6274"}],"wp:term":[{"taxonomy":"product_brand","embeddable":true,"href":"https:\/\/eterle.cz\/eshop\/wp-json\/wp\/v2\/product_brand?post=6274"},{"taxonomy":"product_cat","embeddable":true,"href":"https:\/\/eterle.cz\/eshop\/wp-json\/wp\/v2\/product_cat?post=6274"},{"taxonomy":"product_tag","embeddable":true,"href":"https:\/\/eterle.cz\/eshop\/wp-json\/wp\/v2\/product_tag?post=6274"}],"curies":[{"name":"wp","href":"https:\/\/api.w.org\/{rel}","templated":true}]}}