{"id":6282,"date":"2021-06-02T20:15:26","date_gmt":"2021-06-02T18:15:26","guid":{"rendered":"https:\/\/eterle.cz\/eshopprodukt\/sada-taliru-s-hazenkou-slavkov\/"},"modified":"2025-02-16T03:06:22","modified_gmt":"2025-02-16T02:06:22","slug":"sada-taliru-s-hazenkou-slavkov","status":"publish","type":"product","link":"https:\/\/eterle.cz\/eshop\/produkt\/sada-taliru-s-hazenkou-slavkov\/","title":{"rendered":"Sada tal\u00ed\u0159\u016f s h\u00e1zenkou \/ Slavkov"},"content":{"rendered":"<p>Tal\u00ed\u0159e s nest\u00e1rnouc\u00edm dekorem h\u00e1zenky, tedy s rozh\u00e1zen\u00fdmi kyti\u010dkami po plo\u0161e porcel\u00e1nu, jsme zachr\u00e1nily z chalupy v ji\u017en\u00edch \u010cech\u00e1ch. Sada obsahuje 4 m\u011blk\u00e9 a 4 hlubok\u00e9 tal\u00ed\u0159e.<\/p>\n<p>Zna\u010dka: Horn\u00ed Slavkov<br \/>\nStav: Velmi dobr\u00fd stav, jen zlat\u00e1 linka na lemu tal\u00ed\u0159\u016f je m\u00edsty set\u0159en\u00e1. Na kr\u00e1se to tal\u00ed\u0159\u016fm neub\u00edr\u00e1, naopak dod\u00e1v\u00e1 hezkou patinu.<br \/>\nRozm\u011br:<br \/>\nPr\u016fm\u011br: 24,5 cm<\/p>\n","protected":false},"excerpt":{"rendered":"<p>Tal\u00ed\u0159e s nest\u00e1rnouc\u00edm dekorem h\u00e1zenky, tedy s rozh\u00e1zen\u00fdmi kyti\u010dkami po plo\u0161e porcel\u00e1nu, jsme zachr\u00e1nily z chalupy v ji\u017en\u00edch \u010cech\u00e1ch. Sada<\/p>\n","protected":false},"featured_media":6283,"template":"","meta":[],"product_brand":[153],"product_cat":[91],"product_tag":[],"class_list":{"0":"post-6282","1":"product","2":"type-product","3":"status-publish","4":"has-post-thumbnail","6":"product_brand-eterle-cz","7":"product_cat-prodane","9":"first","10":"outofstock","11":"purchasable","12":"product-type-simple"},"_links":{"self":[{"href":"https:\/\/eterle.cz\/eshop\/wp-json\/wp\/v2\/product\/6282","targetHints":{"allow":["GET"]}}],"collection":[{"href":"https:\/\/eterle.cz\/eshop\/wp-json\/wp\/v2\/product"}],"about":[{"href":"https:\/\/eterle.cz\/eshop\/wp-json\/wp\/v2\/types\/product"}],"version-history":[{"count":0,"href":"https:\/\/eterle.cz\/eshop\/wp-json\/wp\/v2\/product\/6282\/revisions"}],"wp:featuredmedia":[{"embeddable":true,"href":"https:\/\/eterle.cz\/eshop\/wp-json\/wp\/v2\/media\/6283"}],"wp:attachment":[{"href":"https:\/\/eterle.cz\/eshop\/wp-json\/wp\/v2\/media?parent=6282"}],"wp:term":[{"taxonomy":"product_brand","embeddable":true,"href":"https:\/\/eterle.cz\/eshop\/wp-json\/wp\/v2\/product_brand?post=6282"},{"taxonomy":"product_cat","embeddable":true,"href":"https:\/\/eterle.cz\/eshop\/wp-json\/wp\/v2\/product_cat?post=6282"},{"taxonomy":"product_tag","embeddable":true,"href":"https:\/\/eterle.cz\/eshop\/wp-json\/wp\/v2\/product_tag?post=6282"}],"curies":[{"name":"wp","href":"https:\/\/api.w.org\/{rel}","templated":true}]}}