{"id":6297,"date":"2021-06-02T20:15:26","date_gmt":"2021-06-02T18:15:26","guid":{"rendered":"https:\/\/eterle.cz\/eshopprodukt\/misa-na-ovoce\/"},"modified":"2025-02-16T03:06:23","modified_gmt":"2025-02-16T02:06:23","slug":"misa-na-ovoce","status":"publish","type":"product","link":"https:\/\/eterle.cz\/eshop\/produkt\/misa-na-ovoce\/","title":{"rendered":"M\u00edsa na ovoce"},"content":{"rendered":"<p>M\u00edsa s elegatn\u00edmi detaily ve stylu emp\u00edru, kter\u00fd se od t\u011b\u017ek\u00e9ho baroka vracel k antick\u00e9 jednoduchosti. \u010cist\u00e9 linie, symetrie a kus hostorie, to v sob\u011b skr\u00fdv\u00e1 tato m\u00edsa na ovoce.<\/p>\n<p>Zna\u010dka:<br \/>\nStav: bez v\u00edka, velmi dobr\u00fd stav<br \/>\nRozm\u011br:<br \/>\nObjem: 1,5 l<\/p>\n","protected":false},"excerpt":{"rendered":"<p>M\u00edsa s elegatn\u00edmi detaily ve stylu emp\u00edru, kter\u00fd se od t\u011b\u017ek\u00e9ho baroka vracel k antick\u00e9 jednoduchosti. \u010cist\u00e9 linie, symetrie a<\/p>\n","protected":false},"featured_media":6298,"template":"","meta":[],"product_brand":[153],"product_cat":[91],"product_tag":[],"class_list":{"0":"post-6297","1":"product","2":"type-product","3":"status-publish","4":"has-post-thumbnail","6":"product_brand-eterle-cz","7":"product_cat-prodane","9":"first","10":"outofstock","11":"purchasable","12":"product-type-simple"},"_links":{"self":[{"href":"https:\/\/eterle.cz\/eshop\/wp-json\/wp\/v2\/product\/6297","targetHints":{"allow":["GET"]}}],"collection":[{"href":"https:\/\/eterle.cz\/eshop\/wp-json\/wp\/v2\/product"}],"about":[{"href":"https:\/\/eterle.cz\/eshop\/wp-json\/wp\/v2\/types\/product"}],"version-history":[{"count":0,"href":"https:\/\/eterle.cz\/eshop\/wp-json\/wp\/v2\/product\/6297\/revisions"}],"wp:featuredmedia":[{"embeddable":true,"href":"https:\/\/eterle.cz\/eshop\/wp-json\/wp\/v2\/media\/6298"}],"wp:attachment":[{"href":"https:\/\/eterle.cz\/eshop\/wp-json\/wp\/v2\/media?parent=6297"}],"wp:term":[{"taxonomy":"product_brand","embeddable":true,"href":"https:\/\/eterle.cz\/eshop\/wp-json\/wp\/v2\/product_brand?post=6297"},{"taxonomy":"product_cat","embeddable":true,"href":"https:\/\/eterle.cz\/eshop\/wp-json\/wp\/v2\/product_cat?post=6297"},{"taxonomy":"product_tag","embeddable":true,"href":"https:\/\/eterle.cz\/eshop\/wp-json\/wp\/v2\/product_tag?post=6297"}],"curies":[{"name":"wp","href":"https:\/\/api.w.org\/{rel}","templated":true}]}}