{"id":6324,"date":"2021-06-02T20:16:47","date_gmt":"2021-06-02T18:16:47","guid":{"rendered":"https:\/\/eterle.cz\/eshopprodukt\/salek-se-zdobnym-ouskem-konigl-pr-tettau\/"},"modified":"2025-06-24T01:51:56","modified_gmt":"2025-06-23T23:51:56","slug":"salek-se-zdobnym-ouskem-konigl-pr-tettau","status":"publish","type":"product","link":"https:\/\/eterle.cz\/eshop\/produkt\/salek-se-zdobnym-ouskem-konigl-pr-tettau\/","title":{"rendered":"\u0160\u00e1lek se zdobn\u00fdm ou\u0161kem \/ K\u00f6nigl. pr. Tettau"},"content":{"rendered":"<p>K\u00f6niglich Tettau porcel\u00e1n je v\u00fdjime\u010dn\u00fd. Od za\u010d\u00e1tku 19. stolet\u00ed je pokl\u00e1d\u00e1n za sou\u010d\u00e1st slavnostn\u00edho stolov\u00e1n\u00ed s nejvy\u0161\u0161\u00ed kvalitou. Tyto hrne\u010dky se py\u0161n\u00ed v\u0161\u00edm, co Tettau p\u0159edstavuje &#8211; \u00fa\u017easn\u00fdmi detaily, dokonal\u00fdm povrchem a nep\u0159ekonatelnou pr\u016fzra\u010dnost\u00ed. Na ou\u0161ku maj\u00ed dokonce plastick\u00fd detail ve tvaru kyti\u010dky, kter\u00e1 je na nich namalov\u00e1na. Milovn\u00edci tenou\u010dk\u00e9ho porcel\u00e1nu a detailisti nad nimi mus\u00ed plesat \ud83d\ude42<\/p>\n<p>Zna\u010dka: <a href=\"https:\/\/eterle.cz\/eshop\/2021\/07\/29\/konigl-tettau\/\">K\u00f6nigl. pr. Tettau, Bavaria Germany<\/a><br \/>\nStav: perfektn\u00ed<br \/>\nRozm\u011br:<br \/>\nV\u00fd\u0161ka: 6,5 cm<br \/>\nPr\u016fm\u011br: 7,5 cm<br \/>\nObjem: 180 ml<\/p>\n","protected":false},"excerpt":{"rendered":"<p>K\u00f6niglich Tettau porcel\u00e1n je v\u00fdjime\u010dn\u00fd. Od za\u010d\u00e1tku 19. stolet\u00ed je pokl\u00e1d\u00e1n za sou\u010d\u00e1st slavnostn\u00edho stolov\u00e1n\u00ed s nejvy\u0161\u0161\u00ed kvalitou. Tyto hrne\u010dky<\/p>\n","protected":false},"featured_media":6325,"template":"","meta":[],"product_brand":[153],"product_cat":[76,120],"product_tag":[],"class_list":{"0":"post-6324","1":"product","2":"type-product","3":"status-publish","4":"has-post-thumbnail","6":"product_brand-eterle-cz","7":"product_cat-porcelan","8":"product_cat-hrnecky","10":"first","11":"instock","12":"purchasable","13":"product-type-simple"},"_links":{"self":[{"href":"https:\/\/eterle.cz\/eshop\/wp-json\/wp\/v2\/product\/6324","targetHints":{"allow":["GET"]}}],"collection":[{"href":"https:\/\/eterle.cz\/eshop\/wp-json\/wp\/v2\/product"}],"about":[{"href":"https:\/\/eterle.cz\/eshop\/wp-json\/wp\/v2\/types\/product"}],"version-history":[{"count":2,"href":"https:\/\/eterle.cz\/eshop\/wp-json\/wp\/v2\/product\/6324\/revisions"}],"predecessor-version":[{"id":26132,"href":"https:\/\/eterle.cz\/eshop\/wp-json\/wp\/v2\/product\/6324\/revisions\/26132"}],"wp:featuredmedia":[{"embeddable":true,"href":"https:\/\/eterle.cz\/eshop\/wp-json\/wp\/v2\/media\/6325"}],"wp:attachment":[{"href":"https:\/\/eterle.cz\/eshop\/wp-json\/wp\/v2\/media?parent=6324"}],"wp:term":[{"taxonomy":"product_brand","embeddable":true,"href":"https:\/\/eterle.cz\/eshop\/wp-json\/wp\/v2\/product_brand?post=6324"},{"taxonomy":"product_cat","embeddable":true,"href":"https:\/\/eterle.cz\/eshop\/wp-json\/wp\/v2\/product_cat?post=6324"},{"taxonomy":"product_tag","embeddable":true,"href":"https:\/\/eterle.cz\/eshop\/wp-json\/wp\/v2\/product_tag?post=6324"}],"curies":[{"name":"wp","href":"https:\/\/api.w.org\/{rel}","templated":true}]}}