{"id":6336,"date":"2021-06-02T20:16:47","date_gmt":"2021-06-02T18:16:47","guid":{"rendered":"https:\/\/eterle.cz\/eshopprodukt\/konvice-seltmann\/"},"modified":"2025-06-24T01:51:56","modified_gmt":"2025-06-23T23:51:56","slug":"konvice-seltmann","status":"publish","type":"product","link":"https:\/\/eterle.cz\/eshop\/produkt\/konvice-seltmann\/","title":{"rendered":"Konvice \/  Seltmann"},"content":{"rendered":"<p>Staro\u017eit\u00e1 konvice na \u010daj nebo na k\u00e1vu od bavorsk\u00e9 zna\u010dky Johan Seltmann ze s\u00e9rie Sylvie poch\u00e1z\u00ed dle zna\u010den\u00ed a bruselsk\u00e9ho stylu z 60. let. Jej\u00ed ostr\u00e9 linie jakoby nazna\u010dovaly, \u017ee chce do v\u0161eho strkat nos, ale nebojte, bude tich\u00fdm spole\u010dn\u00edkem. Na jemnosti ji dod\u00e1v\u00e1 slonov\u011b b\u00edl\u00e1 barva s akcenty pastelov\u00e9 r\u016f\u017eov\u00e9 a modr\u00e9.<\/p>\n<p>Zna\u010dka: <a href=\"https:\/\/eterle.cz\/eshop\/2021\/07\/29\/seltmann-weiden\/\">Johan Seltmann Vohenstrau\u00df, Bavaria<\/a><br \/>\nStav: zlat\u00e9 detaily (linky) m\u00edsty o\u0161oupan\u00e9, uvnit\u0159 konvice na dn\u011b drobn\u00e9 rezav\u00e9 te\u010dky<br \/>\nRozm\u011br:<br \/>\nObjem: 1 l<\/p>\n","protected":false},"excerpt":{"rendered":"<p>Staro\u017eit\u00e1 konvice na \u010daj nebo na k\u00e1vu od bavorsk\u00e9 zna\u010dky Johan Seltmann ze s\u00e9rie Sylvie poch\u00e1z\u00ed dle zna\u010den\u00ed a bruselsk\u00e9ho<\/p>\n","protected":false},"featured_media":6337,"template":"","meta":[],"product_brand":[153],"product_cat":[76,107],"product_tag":[],"class_list":{"0":"post-6336","1":"product","2":"type-product","3":"status-publish","4":"has-post-thumbnail","6":"product_brand-eterle-cz","7":"product_cat-porcelan","8":"product_cat-konvicky","10":"first","11":"instock","12":"purchasable","13":"product-type-simple"},"_links":{"self":[{"href":"https:\/\/eterle.cz\/eshop\/wp-json\/wp\/v2\/product\/6336","targetHints":{"allow":["GET"]}}],"collection":[{"href":"https:\/\/eterle.cz\/eshop\/wp-json\/wp\/v2\/product"}],"about":[{"href":"https:\/\/eterle.cz\/eshop\/wp-json\/wp\/v2\/types\/product"}],"version-history":[{"count":1,"href":"https:\/\/eterle.cz\/eshop\/wp-json\/wp\/v2\/product\/6336\/revisions"}],"predecessor-version":[{"id":26133,"href":"https:\/\/eterle.cz\/eshop\/wp-json\/wp\/v2\/product\/6336\/revisions\/26133"}],"wp:featuredmedia":[{"embeddable":true,"href":"https:\/\/eterle.cz\/eshop\/wp-json\/wp\/v2\/media\/6337"}],"wp:attachment":[{"href":"https:\/\/eterle.cz\/eshop\/wp-json\/wp\/v2\/media?parent=6336"}],"wp:term":[{"taxonomy":"product_brand","embeddable":true,"href":"https:\/\/eterle.cz\/eshop\/wp-json\/wp\/v2\/product_brand?post=6336"},{"taxonomy":"product_cat","embeddable":true,"href":"https:\/\/eterle.cz\/eshop\/wp-json\/wp\/v2\/product_cat?post=6336"},{"taxonomy":"product_tag","embeddable":true,"href":"https:\/\/eterle.cz\/eshop\/wp-json\/wp\/v2\/product_tag?post=6336"}],"curies":[{"name":"wp","href":"https:\/\/api.w.org\/{rel}","templated":true}]}}