{"id":6358,"date":"2021-06-02T20:17:48","date_gmt":"2021-06-02T18:17:48","guid":{"rendered":"https:\/\/eterle.cz\/eshopprodukt\/velke-retro-kreslo-s-modernim-nadechem\/"},"modified":"2025-02-16T03:06:20","modified_gmt":"2025-02-16T02:06:20","slug":"velke-retro-kreslo-s-modernim-nadechem","status":"publish","type":"product","link":"https:\/\/eterle.cz\/eshop\/produkt\/velke-retro-kreslo-s-modernim-nadechem\/","title":{"rendered":"Velk\u00e9 retro k\u0159eslo s modern\u00edm n\u00e1dechem"},"content":{"rendered":"<p>P\u0159ekvapiv\u011b lehk\u00e9 k\u0159eslo, kter\u00e9 v\u00e1s l\u00e1k\u00e1 do sv\u00e9 n\u00e1ru\u010de. Je jak hn\u00edzde\u010dko. Nov\u00e9 \u010daloun\u011bn\u00ed ve dvou odst\u00ednech. Vnit\u0159n\u00ed m\u011bkk\u00e1 \u010d\u00e1st je ve sv\u011btlej\u0161\u00edch t\u00f3nech oproti tmav\u0161\u00ed venkovn\u00ed kost\u0159e k\u0159esla.<\/p>\n<p>Stav: perfektn\u00ed<br \/>\nRozm\u011br:<br \/>\nV\u00fd\u0161ka celkov\u00e1: 93 cm<br \/>\nV\u00fd\u0161ka sed\u00e1ku: 40 cm<br \/>\n\u0160\u00ed\u0159ka: 97 cm<br \/>\nHloubka: 56 cm<\/p>\n","protected":false},"excerpt":{"rendered":"<p>P\u0159ekvapiv\u011b lehk\u00e9 k\u0159eslo, kter\u00e9 v\u00e1s l\u00e1k\u00e1 do sv\u00e9 n\u00e1ru\u010de. Je jak hn\u00edzde\u010dko. Nov\u00e9 \u010daloun\u011bn\u00ed ve dvou odst\u00ednech. Vnit\u0159n\u00ed m\u011bkk\u00e1 \u010d\u00e1st<\/p>\n","protected":false},"featured_media":15000,"template":"","meta":[],"product_brand":[153],"product_cat":[91],"product_tag":[],"class_list":{"0":"post-6358","1":"product","2":"type-product","3":"status-publish","4":"has-post-thumbnail","6":"product_brand-eterle-cz","7":"product_cat-prodane","8":"product_shipping_class-nadrozmerne","10":"first","11":"outofstock","12":"purchasable","13":"product-type-simple"},"_links":{"self":[{"href":"https:\/\/eterle.cz\/eshop\/wp-json\/wp\/v2\/product\/6358","targetHints":{"allow":["GET"]}}],"collection":[{"href":"https:\/\/eterle.cz\/eshop\/wp-json\/wp\/v2\/product"}],"about":[{"href":"https:\/\/eterle.cz\/eshop\/wp-json\/wp\/v2\/types\/product"}],"version-history":[{"count":1,"href":"https:\/\/eterle.cz\/eshop\/wp-json\/wp\/v2\/product\/6358\/revisions"}],"predecessor-version":[{"id":14422,"href":"https:\/\/eterle.cz\/eshop\/wp-json\/wp\/v2\/product\/6358\/revisions\/14422"}],"wp:featuredmedia":[{"embeddable":true,"href":"https:\/\/eterle.cz\/eshop\/wp-json\/wp\/v2\/media\/15000"}],"wp:attachment":[{"href":"https:\/\/eterle.cz\/eshop\/wp-json\/wp\/v2\/media?parent=6358"}],"wp:term":[{"taxonomy":"product_brand","embeddable":true,"href":"https:\/\/eterle.cz\/eshop\/wp-json\/wp\/v2\/product_brand?post=6358"},{"taxonomy":"product_cat","embeddable":true,"href":"https:\/\/eterle.cz\/eshop\/wp-json\/wp\/v2\/product_cat?post=6358"},{"taxonomy":"product_tag","embeddable":true,"href":"https:\/\/eterle.cz\/eshop\/wp-json\/wp\/v2\/product_tag?post=6358"}],"curies":[{"name":"wp","href":"https:\/\/api.w.org\/{rel}","templated":true}]}}