{"id":6367,"date":"2021-06-02T20:18:38","date_gmt":"2021-06-02T18:18:38","guid":{"rendered":"https:\/\/eterle.cz\/eshopprodukt\/gauc-brusel\/"},"modified":"2025-02-16T03:06:18","modified_gmt":"2025-02-16T02:06:18","slug":"gauc-brusel","status":"publish","type":"product","link":"https:\/\/eterle.cz\/eshop\/produkt\/gauc-brusel\/","title":{"rendered":"Gau\u010d Brusel"},"content":{"rendered":"<p>D\u0159evo v p\u016fvodn\u00edm stavu s lehkou patinou. Nov\u011b \u010daloun\u011bn\u00e9 matrace dod\u00e1vaj\u00ed gau\u010di modern\u011bj\u0161\u00ed r\u00e1z.<\/p>\n<p>Stav: nov\u00e9 matrace, d\u0159evo s patinou<br \/>\nRozm\u011br:<br \/>\nHloubka: 85 cm<br \/>\nD\u00e9lka: 200 cm<br \/>\nV\u00fd\u0161ka i s matrac\u00ed: 38 cm<\/p>\n","protected":false},"excerpt":{"rendered":"<p>D\u0159evo v p\u016fvodn\u00edm stavu s lehkou patinou. Nov\u011b \u010daloun\u011bn\u00e9 matrace dod\u00e1vaj\u00ed gau\u010di modern\u011bj\u0161\u00ed r\u00e1z. Stav: nov\u00e9 matrace, d\u0159evo s patinou<\/p>\n","protected":false},"featured_media":6368,"template":"","meta":[],"product_brand":[153],"product_cat":[91],"product_tag":[],"class_list":{"0":"post-6367","1":"product","2":"type-product","3":"status-publish","4":"has-post-thumbnail","6":"product_brand-eterle-cz","7":"product_cat-prodane","8":"product_shipping_class-nadrozmerne","10":"first","11":"outofstock","12":"purchasable","13":"product-type-simple"},"_links":{"self":[{"href":"https:\/\/eterle.cz\/eshop\/wp-json\/wp\/v2\/product\/6367","targetHints":{"allow":["GET"]}}],"collection":[{"href":"https:\/\/eterle.cz\/eshop\/wp-json\/wp\/v2\/product"}],"about":[{"href":"https:\/\/eterle.cz\/eshop\/wp-json\/wp\/v2\/types\/product"}],"version-history":[{"count":1,"href":"https:\/\/eterle.cz\/eshop\/wp-json\/wp\/v2\/product\/6367\/revisions"}],"predecessor-version":[{"id":12795,"href":"https:\/\/eterle.cz\/eshop\/wp-json\/wp\/v2\/product\/6367\/revisions\/12795"}],"wp:featuredmedia":[{"embeddable":true,"href":"https:\/\/eterle.cz\/eshop\/wp-json\/wp\/v2\/media\/6368"}],"wp:attachment":[{"href":"https:\/\/eterle.cz\/eshop\/wp-json\/wp\/v2\/media?parent=6367"}],"wp:term":[{"taxonomy":"product_brand","embeddable":true,"href":"https:\/\/eterle.cz\/eshop\/wp-json\/wp\/v2\/product_brand?post=6367"},{"taxonomy":"product_cat","embeddable":true,"href":"https:\/\/eterle.cz\/eshop\/wp-json\/wp\/v2\/product_cat?post=6367"},{"taxonomy":"product_tag","embeddable":true,"href":"https:\/\/eterle.cz\/eshop\/wp-json\/wp\/v2\/product_tag?post=6367"}],"curies":[{"name":"wp","href":"https:\/\/api.w.org\/{rel}","templated":true}]}}