{"id":6403,"date":"2021-06-02T20:21:12","date_gmt":"2021-06-02T18:21:12","guid":{"rendered":"https:\/\/eterle.cz\/eshopprodukt\/polohovaci-kreslo-po-renovaci\/"},"modified":"2025-02-16T03:06:16","modified_gmt":"2025-02-16T02:06:16","slug":"polohovaci-kreslo-po-renovaci","status":"publish","type":"product","link":"https:\/\/eterle.cz\/eshop\/produkt\/polohovaci-kreslo-po-renovaci\/","title":{"rendered":"Polohovac\u00ed k\u0159eslo po renovaci"},"content":{"rendered":"<p>Polohovac\u00ed k\u0159eslo s podno\u017ekou ide\u00e1ln\u00ed na leno\u0161en\u00ed u televize nebo pohodln\u00e9 posezen\u00ed s kn\u00ed\u017ekou. Nov\u011b \u010daloun\u011bn\u00e9 v h\u0159ejiv\u00e9 kostce. Stejn\u011b tak d\u0159evo pro\u0161lo renovac\u00ed.<\/p>\n<p>Stav: \u010d\u00e1stne\u010dn\u00e1 renovace &#8211; p\u016fvodn\u00ed vnit\u0159ek, nov\u00e9 \u010daloun\u011bn\u00ed a renovace d\u0159eva<br \/>\nRozm\u011br:<br \/>\nV\u00fd\u0161ka celkov\u00e1: 100 cm<br \/>\n\u0160\u00ed\u0159ka celkov\u00e1: 67 cm<br \/>\nV\u00fd\u0161ka sed\u00e1ku: 43 cm<br \/>\n\u0160\u00ed\u0159ka sed\u00e1ku: 52 cm<br \/>\nHloubka sed\u00e1ku: 52 cm<br \/>\nHloubka sed\u00e1ku rozlo\u017een\u00e9ho: 90 cm<\/p>\n","protected":false},"excerpt":{"rendered":"<p>Polohovac\u00ed k\u0159eslo s podno\u017ekou ide\u00e1ln\u00ed na leno\u0161en\u00ed u televize nebo pohodln\u00e9 posezen\u00ed s kn\u00ed\u017ekou. Nov\u011b \u010daloun\u011bn\u00e9 v h\u0159ejiv\u00e9 kostce. Stejn\u011b<\/p>\n","protected":false},"featured_media":6404,"template":"","meta":[],"product_brand":[153],"product_cat":[91],"product_tag":[],"class_list":{"0":"post-6403","1":"product","2":"type-product","3":"status-publish","4":"has-post-thumbnail","6":"product_brand-eterle-cz","7":"product_cat-prodane","8":"product_shipping_class-nadrozmerne","10":"first","11":"outofstock","12":"purchasable","13":"product-type-simple"},"_links":{"self":[{"href":"https:\/\/eterle.cz\/eshop\/wp-json\/wp\/v2\/product\/6403","targetHints":{"allow":["GET"]}}],"collection":[{"href":"https:\/\/eterle.cz\/eshop\/wp-json\/wp\/v2\/product"}],"about":[{"href":"https:\/\/eterle.cz\/eshop\/wp-json\/wp\/v2\/types\/product"}],"version-history":[{"count":0,"href":"https:\/\/eterle.cz\/eshop\/wp-json\/wp\/v2\/product\/6403\/revisions"}],"wp:featuredmedia":[{"embeddable":true,"href":"https:\/\/eterle.cz\/eshop\/wp-json\/wp\/v2\/media\/6404"}],"wp:attachment":[{"href":"https:\/\/eterle.cz\/eshop\/wp-json\/wp\/v2\/media?parent=6403"}],"wp:term":[{"taxonomy":"product_brand","embeddable":true,"href":"https:\/\/eterle.cz\/eshop\/wp-json\/wp\/v2\/product_brand?post=6403"},{"taxonomy":"product_cat","embeddable":true,"href":"https:\/\/eterle.cz\/eshop\/wp-json\/wp\/v2\/product_cat?post=6403"},{"taxonomy":"product_tag","embeddable":true,"href":"https:\/\/eterle.cz\/eshop\/wp-json\/wp\/v2\/product_tag?post=6403"}],"curies":[{"name":"wp","href":"https:\/\/api.w.org\/{rel}","templated":true}]}}