{"id":6417,"date":"2021-06-02T20:21:42","date_gmt":"2021-06-02T18:21:42","guid":{"rendered":"https:\/\/eterle.cz\/eshopprodukt\/autorska-vaza-pavel-panek\/"},"modified":"2025-02-16T03:06:16","modified_gmt":"2025-02-16T02:06:16","slug":"autorska-vaza-pavel-panek","status":"publish","type":"product","link":"https:\/\/eterle.cz\/eshop\/produkt\/autorska-vaza-pavel-panek\/","title":{"rendered":"Autorsk\u00e1 v\u00e1za \/ Pavel P\u00e1nek"},"content":{"rendered":"<p>Pot\u0159ebujete v\u00e1zu, kter\u00e1 je dost t\u011b\u017ek\u00e1, aby v\u00e1m ji vysok\u00e1 kv\u011btina nep\u0159evr\u00e1tila? Pak sahn\u011bte po t\u00e9to autorsk\u00e9 v\u00e1ze z lit\u00e9ho skla od Pavla P\u00e1nka ze 70. let (1974, skl\u00e1rna Libochovice). Jednoduch\u00fd tvar a plastick\u00e9 bubliny evokuj\u00edc\u00ed kysl\u00edk pronikaj\u00edc\u00ed vodou.<\/p>\n<p>Zna\u010dka: Pavel P\u00e1nek<br \/>\nStav: perfektn\u00ed<br \/>\nRozm\u011br:<br \/>\nV\u00fd\u0161ka: 22 cm<br \/>\nPr\u016fm\u011br: 6 cm<\/p>\n","protected":false},"excerpt":{"rendered":"<p>Pot\u0159ebujete v\u00e1zu, kter\u00e1 je dost t\u011b\u017ek\u00e1, aby v\u00e1m ji vysok\u00e1 kv\u011btina nep\u0159evr\u00e1tila? Pak sahn\u011bte po t\u00e9to autorsk\u00e9 v\u00e1ze z lit\u00e9ho<\/p>\n","protected":false},"featured_media":6418,"template":"","meta":[],"product_brand":[153],"product_cat":[91],"product_tag":[],"class_list":{"0":"post-6417","1":"product","2":"type-product","3":"status-publish","4":"has-post-thumbnail","6":"product_brand-eterle-cz","7":"product_cat-prodane","9":"first","10":"outofstock","11":"purchasable","12":"product-type-simple"},"_links":{"self":[{"href":"https:\/\/eterle.cz\/eshop\/wp-json\/wp\/v2\/product\/6417","targetHints":{"allow":["GET"]}}],"collection":[{"href":"https:\/\/eterle.cz\/eshop\/wp-json\/wp\/v2\/product"}],"about":[{"href":"https:\/\/eterle.cz\/eshop\/wp-json\/wp\/v2\/types\/product"}],"version-history":[{"count":0,"href":"https:\/\/eterle.cz\/eshop\/wp-json\/wp\/v2\/product\/6417\/revisions"}],"wp:featuredmedia":[{"embeddable":true,"href":"https:\/\/eterle.cz\/eshop\/wp-json\/wp\/v2\/media\/6418"}],"wp:attachment":[{"href":"https:\/\/eterle.cz\/eshop\/wp-json\/wp\/v2\/media?parent=6417"}],"wp:term":[{"taxonomy":"product_brand","embeddable":true,"href":"https:\/\/eterle.cz\/eshop\/wp-json\/wp\/v2\/product_brand?post=6417"},{"taxonomy":"product_cat","embeddable":true,"href":"https:\/\/eterle.cz\/eshop\/wp-json\/wp\/v2\/product_cat?post=6417"},{"taxonomy":"product_tag","embeddable":true,"href":"https:\/\/eterle.cz\/eshop\/wp-json\/wp\/v2\/product_tag?post=6417"}],"curies":[{"name":"wp","href":"https:\/\/api.w.org\/{rel}","templated":true}]}}