{"id":6422,"date":"2021-06-02T20:21:42","date_gmt":"2021-06-02T18:21:42","guid":{"rendered":"https:\/\/eterle.cz\/eshopprodukt\/vaza-z-hutniho-skla\/"},"modified":"2025-02-16T03:06:16","modified_gmt":"2025-02-16T02:06:16","slug":"vaza-z-hutniho-skla","status":"publish","type":"product","link":"https:\/\/eterle.cz\/eshop\/produkt\/vaza-z-hutniho-skla\/","title":{"rendered":"V\u00e1za z hutn\u00edho skla"},"content":{"rendered":"<p>Okouzluj\u00edc\u00ed, jednoduch\u00e1 v\u00e1za z hutn\u00edho skla op\u011bt v tolik \u017e\u00e1dan\u00e9m bruselsk\u00e9m stylu. Nyn\u00ed v n\u011bzn\u00e9 jarn\u00ed \u017elut\u00e9. Barevn\u00e9 sklo je neuv\u011b\u0159iteln\u00fd kouzeln\u00edk, ihned zaujme a vytvo\u0159\u00ed atmosf\u00e9ru. Nemus\u00edte u\u017e si l\u00e1mat hlavu ani se slo\u017eitou kv\u011btinovou dekorac\u00ed. Drobn\u00e9 \u0161kr\u00e1bance na dn\u011b v\u00e1zy ji nijak neub\u00edraj\u00ed na kr\u00e1se.<\/p>\n<p>Zna\u010dka: Bohemia glass, made in Czechoslovakia<br \/>\nStav: drobn\u00e9 \u0161kr\u00e1bance na dn\u011b v\u00e1zy<br \/>\nRozm\u011br:<br \/>\nV\u00fd\u0161ka: 11 cm<br \/>\n\u0160\u00ed\u0159ka: 15cm<br \/>\nHloubka: 6,5 cm<\/p>\n","protected":false},"excerpt":{"rendered":"<p>Okouzluj\u00edc\u00ed, jednoduch\u00e1 v\u00e1za z hutn\u00edho skla op\u011bt v tolik \u017e\u00e1dan\u00e9m bruselsk\u00e9m stylu. Nyn\u00ed v n\u011bzn\u00e9 jarn\u00ed \u017elut\u00e9. Barevn\u00e9 sklo je<\/p>\n","protected":false},"featured_media":6423,"template":"","meta":[],"product_brand":[153],"product_cat":[91],"product_tag":[],"class_list":{"0":"post-6422","1":"product","2":"type-product","3":"status-publish","4":"has-post-thumbnail","6":"product_brand-eterle-cz","7":"product_cat-prodane","9":"first","10":"outofstock","11":"purchasable","12":"product-type-simple"},"_links":{"self":[{"href":"https:\/\/eterle.cz\/eshop\/wp-json\/wp\/v2\/product\/6422","targetHints":{"allow":["GET"]}}],"collection":[{"href":"https:\/\/eterle.cz\/eshop\/wp-json\/wp\/v2\/product"}],"about":[{"href":"https:\/\/eterle.cz\/eshop\/wp-json\/wp\/v2\/types\/product"}],"version-history":[{"count":0,"href":"https:\/\/eterle.cz\/eshop\/wp-json\/wp\/v2\/product\/6422\/revisions"}],"wp:featuredmedia":[{"embeddable":true,"href":"https:\/\/eterle.cz\/eshop\/wp-json\/wp\/v2\/media\/6423"}],"wp:attachment":[{"href":"https:\/\/eterle.cz\/eshop\/wp-json\/wp\/v2\/media?parent=6422"}],"wp:term":[{"taxonomy":"product_brand","embeddable":true,"href":"https:\/\/eterle.cz\/eshop\/wp-json\/wp\/v2\/product_brand?post=6422"},{"taxonomy":"product_cat","embeddable":true,"href":"https:\/\/eterle.cz\/eshop\/wp-json\/wp\/v2\/product_cat?post=6422"},{"taxonomy":"product_tag","embeddable":true,"href":"https:\/\/eterle.cz\/eshop\/wp-json\/wp\/v2\/product_tag?post=6422"}],"curies":[{"name":"wp","href":"https:\/\/api.w.org\/{rel}","templated":true}]}}