{"id":6454,"date":"2021-06-02T20:23:11","date_gmt":"2021-06-02T18:23:11","guid":{"rendered":"https:\/\/eterle.cz\/eshopprodukt\/globus-nejen-pro-skolaky\/"},"modified":"2025-02-16T03:06:14","modified_gmt":"2025-02-16T02:06:14","slug":"globus-nejen-pro-skolaky","status":"publish","type":"product","link":"https:\/\/eterle.cz\/eshop\/produkt\/globus-nejen-pro-skolaky\/","title":{"rendered":"Gl\u00f3bus nejen pro \u0161kol\u00e1ky"},"content":{"rendered":"<p>Tak\u00e9 jste ho m\u011bli? Hledat v n\u011bm bylo v\u017edycky mnohem zaj\u00edmav\u011bj\u0161\u00ed ne\u017e v Atlase&#8230;. Nechyb\u00ed na stole va\u0161eho d\u00edtka pr\u00e1v\u011b tenhle?<\/p>\n<p>Stav: velmi dobr\u00fd &#8211; na dvou m\u00edstech lehce od\u0159en\u00fd, jinak super stav<br \/>\nRozm\u011br:<br \/>\nV\u00fd\u0161ka: 25 cm<br \/>\nObvod: 58 cm<\/p>\n","protected":false},"excerpt":{"rendered":"<p>Tak\u00e9 jste ho m\u011bli? Hledat v n\u011bm bylo v\u017edycky mnohem zaj\u00edmav\u011bj\u0161\u00ed ne\u017e v Atlase&#8230;. Nechyb\u00ed na stole va\u0161eho d\u00edtka pr\u00e1v\u011b<\/p>\n","protected":false},"featured_media":6455,"template":"","meta":[],"product_brand":[153],"product_cat":[91],"product_tag":[],"class_list":{"0":"post-6454","1":"product","2":"type-product","3":"status-publish","4":"has-post-thumbnail","6":"product_brand-eterle-cz","7":"product_cat-prodane","9":"first","10":"outofstock","11":"purchasable","12":"product-type-simple"},"_links":{"self":[{"href":"https:\/\/eterle.cz\/eshop\/wp-json\/wp\/v2\/product\/6454","targetHints":{"allow":["GET"]}}],"collection":[{"href":"https:\/\/eterle.cz\/eshop\/wp-json\/wp\/v2\/product"}],"about":[{"href":"https:\/\/eterle.cz\/eshop\/wp-json\/wp\/v2\/types\/product"}],"version-history":[{"count":0,"href":"https:\/\/eterle.cz\/eshop\/wp-json\/wp\/v2\/product\/6454\/revisions"}],"wp:featuredmedia":[{"embeddable":true,"href":"https:\/\/eterle.cz\/eshop\/wp-json\/wp\/v2\/media\/6455"}],"wp:attachment":[{"href":"https:\/\/eterle.cz\/eshop\/wp-json\/wp\/v2\/media?parent=6454"}],"wp:term":[{"taxonomy":"product_brand","embeddable":true,"href":"https:\/\/eterle.cz\/eshop\/wp-json\/wp\/v2\/product_brand?post=6454"},{"taxonomy":"product_cat","embeddable":true,"href":"https:\/\/eterle.cz\/eshop\/wp-json\/wp\/v2\/product_cat?post=6454"},{"taxonomy":"product_tag","embeddable":true,"href":"https:\/\/eterle.cz\/eshop\/wp-json\/wp\/v2\/product_tag?post=6454"}],"curies":[{"name":"wp","href":"https:\/\/api.w.org\/{rel}","templated":true}]}}