{"id":6459,"date":"2021-06-02T20:23:57","date_gmt":"2021-06-02T18:23:57","guid":{"rendered":"https:\/\/eterle.cz\/eshopprodukt\/vesakova-stena\/"},"modified":"2025-02-16T03:06:12","modified_gmt":"2025-02-16T02:06:12","slug":"vesakova-stena","status":"publish","type":"product","link":"https:\/\/eterle.cz\/eshop\/produkt\/vesakova-stena\/","title":{"rendered":"V\u011b\u0161\u00e1kov\u00e1 st\u011bna"},"content":{"rendered":"<p>Retro v\u011b\u0161\u00e1kov\u00e1 st\u011bna pota\u017eena ko\u017eenkou, aby ochr\u00e1nila kab\u00e1ty a bundy proti umaz\u00e1n\u00ed od zdi. Zrcadlo na posledn\u00ed kontrolu p\u0159ed odchodem z domu a mal\u00e1 d\u0159ev\u011bn\u00e1 sk\u0159\u00ed\u0148ka p\u016fvodn\u011b na kart\u00e1\u010d na \u0161aty se d\u00e1 vyu\u017e\u00edt t\u0159eba na kli\u010de. Chromov\u00fd v\u011b\u0161\u00e1k m\u00e1 i poli\u010dku na klobouky.<\/p>\n<p>Stav: zachoval\u00fd p\u016fvodn\u00ed stav &#8211; ko\u017eenka perfektn\u00ed, chrom v hor\u0161\u00edm stavu (za\u0161l\u00fd, nerezav\u00fd), d\u0159ev\u011bn\u00e1 sk\u0159\u00ed\u0148ka na p\u0159ebrou\u0161en\u00ed<br \/>\nRozm\u011br:<br \/>\nV\u00fd\u0161ka: 168 cm<br \/>\n\u0160\u00ed\u0159ka: 90 cm<\/p>\n","protected":false},"excerpt":{"rendered":"<p>Retro v\u011b\u0161\u00e1kov\u00e1 st\u011bna pota\u017eena ko\u017eenkou, aby ochr\u00e1nila kab\u00e1ty a bundy proti umaz\u00e1n\u00ed od zdi. Zrcadlo na posledn\u00ed kontrolu p\u0159ed odchodem<\/p>\n","protected":false},"featured_media":6460,"template":"","meta":[],"product_brand":[153],"product_cat":[91],"product_tag":[],"class_list":{"0":"post-6459","1":"product","2":"type-product","3":"status-publish","4":"has-post-thumbnail","6":"product_brand-eterle-cz","7":"product_cat-prodane","8":"product_shipping_class-nadrozmerne","10":"first","11":"outofstock","12":"purchasable","13":"product-type-simple"},"_links":{"self":[{"href":"https:\/\/eterle.cz\/eshop\/wp-json\/wp\/v2\/product\/6459","targetHints":{"allow":["GET"]}}],"collection":[{"href":"https:\/\/eterle.cz\/eshop\/wp-json\/wp\/v2\/product"}],"about":[{"href":"https:\/\/eterle.cz\/eshop\/wp-json\/wp\/v2\/types\/product"}],"version-history":[{"count":1,"href":"https:\/\/eterle.cz\/eshop\/wp-json\/wp\/v2\/product\/6459\/revisions"}],"predecessor-version":[{"id":19693,"href":"https:\/\/eterle.cz\/eshop\/wp-json\/wp\/v2\/product\/6459\/revisions\/19693"}],"wp:featuredmedia":[{"embeddable":true,"href":"https:\/\/eterle.cz\/eshop\/wp-json\/wp\/v2\/media\/6460"}],"wp:attachment":[{"href":"https:\/\/eterle.cz\/eshop\/wp-json\/wp\/v2\/media?parent=6459"}],"wp:term":[{"taxonomy":"product_brand","embeddable":true,"href":"https:\/\/eterle.cz\/eshop\/wp-json\/wp\/v2\/product_brand?post=6459"},{"taxonomy":"product_cat","embeddable":true,"href":"https:\/\/eterle.cz\/eshop\/wp-json\/wp\/v2\/product_cat?post=6459"},{"taxonomy":"product_tag","embeddable":true,"href":"https:\/\/eterle.cz\/eshop\/wp-json\/wp\/v2\/product_tag?post=6459"}],"curies":[{"name":"wp","href":"https:\/\/api.w.org\/{rel}","templated":true}]}}