{"id":6518,"date":"2021-06-02T20:26:14","date_gmt":"2021-06-02T18:26:14","guid":{"rendered":"https:\/\/eterle.cz\/eshopprodukt\/rakosovy-lustr-uluv\/"},"modified":"2025-02-16T03:06:10","modified_gmt":"2025-02-16T02:06:10","slug":"rakosovy-lustr-uluv","status":"publish","type":"product","link":"https:\/\/eterle.cz\/eshop\/produkt\/rakosovy-lustr-uluv\/","title":{"rendered":"R\u00e1kosov\u00fd lustr \/ \u00daluv"},"content":{"rendered":"<p>R\u00e1kosov\u00fd lustr ve stylu \u00daluv (\u00dast\u0159ed\u00ed lidov\u00e9 um\u011bleck\u00e9 v\u00fdroby, zalo\u017een\u00e9 po druh\u00e9 sv\u011btov\u00e9 v\u00e1lce) z 60. let minul\u00e9ho stolet\u00ed. P\u016fsob\u00ed velmi \u00fatuln\u011b a h\u0159ejiv\u011b.<\/p>\n<p>Stav: velmi dobr\u00fd p\u016fvodn\u00ed zachoval\u00fd stav. Funk\u010dn\u00ed, elektroinstalace p\u016fvodn\u00ed.<br \/>\nRozm\u011br:<br \/>\nPr\u016fm\u011br: 40 cm<br \/>\nV\u00fd\u0161ka stinidla: 26 cm<\/p>\n","protected":false},"excerpt":{"rendered":"<p>R\u00e1kosov\u00fd lustr ve stylu \u00daluv (\u00dast\u0159ed\u00ed lidov\u00e9 um\u011bleck\u00e9 v\u00fdroby, zalo\u017een\u00e9 po druh\u00e9 sv\u011btov\u00e9 v\u00e1lce) z 60. let minul\u00e9ho stolet\u00ed. P\u016fsob\u00ed<\/p>\n","protected":false},"featured_media":6519,"template":"","meta":[],"product_brand":[153],"product_cat":[91],"product_tag":[],"class_list":{"0":"post-6518","1":"product","2":"type-product","3":"status-publish","4":"has-post-thumbnail","6":"product_brand-eterle-cz","7":"product_cat-prodane","9":"first","10":"outofstock","11":"purchasable","12":"product-type-simple"},"_links":{"self":[{"href":"https:\/\/eterle.cz\/eshop\/wp-json\/wp\/v2\/product\/6518","targetHints":{"allow":["GET"]}}],"collection":[{"href":"https:\/\/eterle.cz\/eshop\/wp-json\/wp\/v2\/product"}],"about":[{"href":"https:\/\/eterle.cz\/eshop\/wp-json\/wp\/v2\/types\/product"}],"version-history":[{"count":0,"href":"https:\/\/eterle.cz\/eshop\/wp-json\/wp\/v2\/product\/6518\/revisions"}],"wp:featuredmedia":[{"embeddable":true,"href":"https:\/\/eterle.cz\/eshop\/wp-json\/wp\/v2\/media\/6519"}],"wp:attachment":[{"href":"https:\/\/eterle.cz\/eshop\/wp-json\/wp\/v2\/media?parent=6518"}],"wp:term":[{"taxonomy":"product_brand","embeddable":true,"href":"https:\/\/eterle.cz\/eshop\/wp-json\/wp\/v2\/product_brand?post=6518"},{"taxonomy":"product_cat","embeddable":true,"href":"https:\/\/eterle.cz\/eshop\/wp-json\/wp\/v2\/product_cat?post=6518"},{"taxonomy":"product_tag","embeddable":true,"href":"https:\/\/eterle.cz\/eshop\/wp-json\/wp\/v2\/product_tag?post=6518"}],"curies":[{"name":"wp","href":"https:\/\/api.w.org\/{rel}","templated":true}]}}