{"id":6526,"date":"2021-06-02T20:26:43","date_gmt":"2021-06-02T18:26:43","guid":{"rendered":"https:\/\/eterle.cz\/eshopprodukt\/lustr-talir-brusel-2\/"},"modified":"2025-02-16T03:06:09","modified_gmt":"2025-02-16T02:06:09","slug":"lustr-talir-brusel-2","status":"publish","type":"product","link":"https:\/\/eterle.cz\/eshop\/produkt\/lustr-talir-brusel-2\/","title":{"rendered":"Lustr tal\u00ed\u0159 \/ Brusel"},"content":{"rendered":"<p>Retro lustr v bruselsk\u00e9m stylu z 60. let v n\u011bzn\u00fdch pastelov\u00fdch barv\u00e1ch. Typick\u00fd kulat\u00fd tvar p\u0159ipom\u00ednajic\u00ed tal\u00ed\u0159, odtud tak\u00e9 lidov\u00e9 pojmenov\u00e1n\u00ed tohoto sv\u011btla.<\/p>\n<p>Stav: perfektn\u00ed. Funk\u010dn\u00ed, elektroinstalace p\u016fvodn\u00ed.<br \/>\nRozm\u011br:<br \/>\nD\u00e9lka: 70 cm<br \/>\nPr\u016fm\u011br: 50 cm<\/p>\n","protected":false},"excerpt":{"rendered":"<p>Retro lustr v bruselsk\u00e9m stylu z 60. let v n\u011bzn\u00fdch pastelov\u00fdch barv\u00e1ch. Typick\u00fd kulat\u00fd tvar p\u0159ipom\u00ednajic\u00ed tal\u00ed\u0159, odtud tak\u00e9 lidov\u00e9<\/p>\n","protected":false},"featured_media":6527,"template":"","meta":[],"product_brand":[153],"product_cat":[91],"product_tag":[],"class_list":{"0":"post-6526","1":"product","2":"type-product","3":"status-publish","4":"has-post-thumbnail","6":"product_brand-eterle-cz","7":"product_cat-prodane","9":"first","10":"outofstock","11":"purchasable","12":"product-type-simple"},"_links":{"self":[{"href":"https:\/\/eterle.cz\/eshop\/wp-json\/wp\/v2\/product\/6526","targetHints":{"allow":["GET"]}}],"collection":[{"href":"https:\/\/eterle.cz\/eshop\/wp-json\/wp\/v2\/product"}],"about":[{"href":"https:\/\/eterle.cz\/eshop\/wp-json\/wp\/v2\/types\/product"}],"version-history":[{"count":0,"href":"https:\/\/eterle.cz\/eshop\/wp-json\/wp\/v2\/product\/6526\/revisions"}],"wp:featuredmedia":[{"embeddable":true,"href":"https:\/\/eterle.cz\/eshop\/wp-json\/wp\/v2\/media\/6527"}],"wp:attachment":[{"href":"https:\/\/eterle.cz\/eshop\/wp-json\/wp\/v2\/media?parent=6526"}],"wp:term":[{"taxonomy":"product_brand","embeddable":true,"href":"https:\/\/eterle.cz\/eshop\/wp-json\/wp\/v2\/product_brand?post=6526"},{"taxonomy":"product_cat","embeddable":true,"href":"https:\/\/eterle.cz\/eshop\/wp-json\/wp\/v2\/product_cat?post=6526"},{"taxonomy":"product_tag","embeddable":true,"href":"https:\/\/eterle.cz\/eshop\/wp-json\/wp\/v2\/product_tag?post=6526"}],"curies":[{"name":"wp","href":"https:\/\/api.w.org\/{rel}","templated":true}]}}