{"id":6532,"date":"2021-06-02T20:26:43","date_gmt":"2021-06-02T18:26:43","guid":{"rendered":"https:\/\/eterle.cz\/eshopprodukt\/starozitny-art-deco-lustr\/"},"modified":"2025-06-24T01:51:55","modified_gmt":"2025-06-23T23:51:55","slug":"starozitny-art-deco-lustr","status":"publish","type":"product","link":"https:\/\/eterle.cz\/eshop\/produkt\/starozitny-art-deco-lustr\/","title":{"rendered":"Staro\u017eitn\u00fd art deco lustr"},"content":{"rendered":"<p>Staro\u017eitn\u00fd art deco lustr z 20.-30. let minul\u00e9ho stolet\u00ed. Elektroinstalace p\u016fvodn\u00ed.<\/p>\n<p>Stav: &#8222;kov&#8220; s patinou, st\u00ednidla v po\u0159\u00e1dku, jen jedno m\u00e1 nepatrn\u00fd o\u0165uk (viz foto), jedna obj\u00edmka je po\u0161kozen\u00e1, ale \u017e\u00e1rovka do n\u00ed jde d\u00e1t<br \/>\nRozm\u011br<br \/>\nD\u00e9lka: 90 cm<br \/>\nPr\u016fm\u011br: 60 cm<\/p>\n","protected":false},"excerpt":{"rendered":"<p>Staro\u017eitn\u00fd art deco lustr z 20.-30. let minul\u00e9ho stolet\u00ed. Elektroinstalace p\u016fvodn\u00ed. Stav: &#8222;kov&#8220; s patinou, st\u00ednidla v po\u0159\u00e1dku, jen jedno<\/p>\n","protected":false},"featured_media":16282,"template":"","meta":[],"product_brand":[153],"product_cat":[79,140],"product_tag":[],"class_list":{"0":"post-6532","1":"product","2":"type-product","3":"status-publish","4":"has-post-thumbnail","6":"product_brand-eterle-cz","7":"product_cat-svetla","8":"product_cat-lustry","10":"first","11":"instock","12":"purchasable","13":"product-type-simple"},"_links":{"self":[{"href":"https:\/\/eterle.cz\/eshop\/wp-json\/wp\/v2\/product\/6532","targetHints":{"allow":["GET"]}}],"collection":[{"href":"https:\/\/eterle.cz\/eshop\/wp-json\/wp\/v2\/product"}],"about":[{"href":"https:\/\/eterle.cz\/eshop\/wp-json\/wp\/v2\/types\/product"}],"version-history":[{"count":2,"href":"https:\/\/eterle.cz\/eshop\/wp-json\/wp\/v2\/product\/6532\/revisions"}],"predecessor-version":[{"id":26129,"href":"https:\/\/eterle.cz\/eshop\/wp-json\/wp\/v2\/product\/6532\/revisions\/26129"}],"wp:featuredmedia":[{"embeddable":true,"href":"https:\/\/eterle.cz\/eshop\/wp-json\/wp\/v2\/media\/16282"}],"wp:attachment":[{"href":"https:\/\/eterle.cz\/eshop\/wp-json\/wp\/v2\/media?parent=6532"}],"wp:term":[{"taxonomy":"product_brand","embeddable":true,"href":"https:\/\/eterle.cz\/eshop\/wp-json\/wp\/v2\/product_brand?post=6532"},{"taxonomy":"product_cat","embeddable":true,"href":"https:\/\/eterle.cz\/eshop\/wp-json\/wp\/v2\/product_cat?post=6532"},{"taxonomy":"product_tag","embeddable":true,"href":"https:\/\/eterle.cz\/eshop\/wp-json\/wp\/v2\/product_tag?post=6532"}],"curies":[{"name":"wp","href":"https:\/\/api.w.org\/{rel}","templated":true}]}}