{"id":6541,"date":"2021-06-02T20:27:17","date_gmt":"2021-06-02T18:27:17","guid":{"rendered":"https:\/\/eterle.cz\/eshopprodukt\/lustr-jaroslav-antonin-junek\/"},"modified":"2025-02-16T03:06:08","modified_gmt":"2025-02-16T02:06:08","slug":"lustr-jaroslav-antonin-junek","status":"publish","type":"product","link":"https:\/\/eterle.cz\/eshop\/produkt\/lustr-jaroslav-antonin-junek\/","title":{"rendered":"Lustr \/ Jaroslav Anton\u00edn Junek"},"content":{"rendered":"<p>\u010cernob\u00edl\u00e9 sv\u011btlo dle n\u00e1vrhu Jaroslava Anton\u00edna Juneka zhotovnen\u00e9 v\u00fdrobcem sv\u00edtidel Zukov ve skl\u00e1rn\u011b Vala\u0161sk\u00e9 Mezi\u0159\u00ed\u010d\u00ed. Sklo je vrstven\u00e9, ml\u00e9\u010dn\u00e9 a \u010dir\u00e9 s vodorovn\u00fdmi \u010dern\u00fdmi linkami.<\/p>\n<p>Zna\u010dka: Anton\u00edn Junek, Zukov Vala\u0161sk\u00e9 Mezi\u0159\u00ed\u010d\u00ed<br \/>\nStav: perfektn\u00ed, nov\u00e1 elektroinstalace<br \/>\nRozm\u011br:<br \/>\nD\u00e9lka v\u00e1lce: 32 cm<br \/>\n\u0160\u00ed\u0159ka v\u00e1lce: 16 cm<\/p>\n","protected":false},"excerpt":{"rendered":"<p>\u010cernob\u00edl\u00e9 sv\u011btlo dle n\u00e1vrhu Jaroslava Anton\u00edna Juneka zhotovnen\u00e9 v\u00fdrobcem sv\u00edtidel Zukov ve skl\u00e1rn\u011b Vala\u0161sk\u00e9 Mezi\u0159\u00ed\u010d\u00ed. Sklo je vrstven\u00e9, ml\u00e9\u010dn\u00e9 a<\/p>\n","protected":false},"featured_media":6542,"template":"","meta":[],"product_brand":[153],"product_cat":[91],"product_tag":[],"class_list":{"0":"post-6541","1":"product","2":"type-product","3":"status-publish","4":"has-post-thumbnail","6":"product_brand-eterle-cz","7":"product_cat-prodane","9":"first","10":"outofstock","11":"purchasable","12":"product-type-simple"},"_links":{"self":[{"href":"https:\/\/eterle.cz\/eshop\/wp-json\/wp\/v2\/product\/6541","targetHints":{"allow":["GET"]}}],"collection":[{"href":"https:\/\/eterle.cz\/eshop\/wp-json\/wp\/v2\/product"}],"about":[{"href":"https:\/\/eterle.cz\/eshop\/wp-json\/wp\/v2\/types\/product"}],"version-history":[{"count":0,"href":"https:\/\/eterle.cz\/eshop\/wp-json\/wp\/v2\/product\/6541\/revisions"}],"wp:featuredmedia":[{"embeddable":true,"href":"https:\/\/eterle.cz\/eshop\/wp-json\/wp\/v2\/media\/6542"}],"wp:attachment":[{"href":"https:\/\/eterle.cz\/eshop\/wp-json\/wp\/v2\/media?parent=6541"}],"wp:term":[{"taxonomy":"product_brand","embeddable":true,"href":"https:\/\/eterle.cz\/eshop\/wp-json\/wp\/v2\/product_brand?post=6541"},{"taxonomy":"product_cat","embeddable":true,"href":"https:\/\/eterle.cz\/eshop\/wp-json\/wp\/v2\/product_cat?post=6541"},{"taxonomy":"product_tag","embeddable":true,"href":"https:\/\/eterle.cz\/eshop\/wp-json\/wp\/v2\/product_tag?post=6541"}],"curies":[{"name":"wp","href":"https:\/\/api.w.org\/{rel}","templated":true}]}}