{"id":6547,"date":"2021-06-02T20:27:17","date_gmt":"2021-06-02T18:27:17","guid":{"rendered":"https:\/\/eterle.cz\/eshopprodukt\/lustr-z-opaloveho-skla-stepan-tabera\/"},"modified":"2025-02-16T03:06:08","modified_gmt":"2025-02-16T02:06:08","slug":"lustr-z-opaloveho-skla-stepan-tabera","status":"publish","type":"product","link":"https:\/\/eterle.cz\/eshop\/produkt\/lustr-z-opaloveho-skla-stepan-tabera\/","title":{"rendered":"Lustr z op\u00e1lov\u00e9ho skla \/ \u0160t\u011bp\u00e1n Tabery"},"content":{"rendered":"<p>St\u00ednidlo z op\u00e1lov\u00e9ho skla ve v\u00fdrazn\u00e9 oran\u017eov\u00e9 barv\u011b. Lustr poch\u00e1z\u00ed od n\u00e1vrh\u00e1\u0159e \u0160t\u011bp\u00e1na Tabery ze skl\u00e1rny OPP Jihlava. \u010cist\u00fdm tvarem i v\u00fdraznou barvou se bude kr\u00e1sn\u011b hodit jak do modern\u00edho interi\u00e9ru tak do retro stylu. Rozhodn\u011b se bude jednat o v\u00fdrazn\u00fd prvek, kter\u00fd upout\u00e1 pozornost.<\/p>\n<p>Zna\u010dka: \u0160t\u011bp\u00e1n\u00a0 Tabery<br \/>\nStav: st\u00ednidlo perfektn\u00ed, ty\u010d s patinou (m\u00edrn\u00e9 od\u011brky a rez). Elektroinstalace je p\u016fvodn\u00ed a pln\u011b funk\u010dn\u00ed<br \/>\nRozm\u011br:<br \/>\nD\u00e9lka: 75 cm<br \/>\nPr\u016fm\u011br: 40 cm<\/p>\n","protected":false},"excerpt":{"rendered":"<p>St\u00ednidlo z op\u00e1lov\u00e9ho skla ve v\u00fdrazn\u00e9 oran\u017eov\u00e9 barv\u011b. Lustr poch\u00e1z\u00ed od n\u00e1vrh\u00e1\u0159e \u0160t\u011bp\u00e1na Tabery ze skl\u00e1rny OPP Jihlava. \u010cist\u00fdm tvarem<\/p>\n","protected":false},"featured_media":6548,"template":"","meta":[],"product_brand":[153],"product_cat":[91],"product_tag":[],"class_list":{"0":"post-6547","1":"product","2":"type-product","3":"status-publish","4":"has-post-thumbnail","6":"product_brand-eterle-cz","7":"product_cat-prodane","9":"first","10":"outofstock","11":"purchasable","12":"product-type-simple"},"_links":{"self":[{"href":"https:\/\/eterle.cz\/eshop\/wp-json\/wp\/v2\/product\/6547","targetHints":{"allow":["GET"]}}],"collection":[{"href":"https:\/\/eterle.cz\/eshop\/wp-json\/wp\/v2\/product"}],"about":[{"href":"https:\/\/eterle.cz\/eshop\/wp-json\/wp\/v2\/types\/product"}],"version-history":[{"count":0,"href":"https:\/\/eterle.cz\/eshop\/wp-json\/wp\/v2\/product\/6547\/revisions"}],"wp:featuredmedia":[{"embeddable":true,"href":"https:\/\/eterle.cz\/eshop\/wp-json\/wp\/v2\/media\/6548"}],"wp:attachment":[{"href":"https:\/\/eterle.cz\/eshop\/wp-json\/wp\/v2\/media?parent=6547"}],"wp:term":[{"taxonomy":"product_brand","embeddable":true,"href":"https:\/\/eterle.cz\/eshop\/wp-json\/wp\/v2\/product_brand?post=6547"},{"taxonomy":"product_cat","embeddable":true,"href":"https:\/\/eterle.cz\/eshop\/wp-json\/wp\/v2\/product_cat?post=6547"},{"taxonomy":"product_tag","embeddable":true,"href":"https:\/\/eterle.cz\/eshop\/wp-json\/wp\/v2\/product_tag?post=6547"}],"curies":[{"name":"wp","href":"https:\/\/api.w.org\/{rel}","templated":true}]}}