{"id":6553,"date":"2021-06-02T20:27:49","date_gmt":"2021-06-02T18:27:49","guid":{"rendered":"https:\/\/eterle.cz\/eshopprodukt\/detsky-lustr\/"},"modified":"2025-02-16T03:06:07","modified_gmt":"2025-02-16T02:06:07","slug":"detsky-lustr","status":"publish","type":"product","link":"https:\/\/eterle.cz\/eshop\/produkt\/detsky-lustr\/","title":{"rendered":"D\u011btsk\u00fd lustr"},"content":{"rendered":"<p>Retro lustr do d\u011btsk\u00e9ho pokoj\u00ed\u010dku pro hol\u010di\u010dku nebo chlape\u010dka. Radost ud\u011bl\u00e1 jist\u011b ka\u017ed\u00e9mu d\u00edt\u011bti do sedmi let.<\/p>\n<p>Zna\u010dka:<br \/>\nStav: perfektn\u00ed (jen jednomu slun\u00ed\u010dku chyb\u00ed kousek prou\u017eku); funk\u010dn\u00ed, elektroinstalace p\u016fvodn\u00ed<br \/>\nRozm\u011br:<br \/>\nD\u00e9lka: 50 cm<br \/>\nPr\u016fm\u011br: 26 cm<\/p>\n","protected":false},"excerpt":{"rendered":"<p>Retro lustr do d\u011btsk\u00e9ho pokoj\u00ed\u010dku pro hol\u010di\u010dku nebo chlape\u010dka. Radost ud\u011bl\u00e1 jist\u011b ka\u017ed\u00e9mu d\u00edt\u011bti do sedmi let. Zna\u010dka: Stav: perfektn\u00ed<\/p>\n","protected":false},"featured_media":6554,"template":"","meta":[],"product_brand":[153],"product_cat":[91],"product_tag":[],"class_list":{"0":"post-6553","1":"product","2":"type-product","3":"status-publish","4":"has-post-thumbnail","6":"product_brand-eterle-cz","7":"product_cat-prodane","9":"first","10":"outofstock","11":"purchasable","12":"product-type-simple"},"_links":{"self":[{"href":"https:\/\/eterle.cz\/eshop\/wp-json\/wp\/v2\/product\/6553","targetHints":{"allow":["GET"]}}],"collection":[{"href":"https:\/\/eterle.cz\/eshop\/wp-json\/wp\/v2\/product"}],"about":[{"href":"https:\/\/eterle.cz\/eshop\/wp-json\/wp\/v2\/types\/product"}],"version-history":[{"count":0,"href":"https:\/\/eterle.cz\/eshop\/wp-json\/wp\/v2\/product\/6553\/revisions"}],"wp:featuredmedia":[{"embeddable":true,"href":"https:\/\/eterle.cz\/eshop\/wp-json\/wp\/v2\/media\/6554"}],"wp:attachment":[{"href":"https:\/\/eterle.cz\/eshop\/wp-json\/wp\/v2\/media?parent=6553"}],"wp:term":[{"taxonomy":"product_brand","embeddable":true,"href":"https:\/\/eterle.cz\/eshop\/wp-json\/wp\/v2\/product_brand?post=6553"},{"taxonomy":"product_cat","embeddable":true,"href":"https:\/\/eterle.cz\/eshop\/wp-json\/wp\/v2\/product_cat?post=6553"},{"taxonomy":"product_tag","embeddable":true,"href":"https:\/\/eterle.cz\/eshop\/wp-json\/wp\/v2\/product_tag?post=6553"}],"curies":[{"name":"wp","href":"https:\/\/api.w.org\/{rel}","templated":true}]}}