{"id":6558,"date":"2021-06-02T20:27:49","date_gmt":"2021-06-02T18:27:49","guid":{"rendered":"https:\/\/eterle.cz\/eshopprodukt\/stahovaci-lustr\/"},"modified":"2025-02-16T03:06:07","modified_gmt":"2025-02-16T02:06:07","slug":"stahovaci-lustr","status":"publish","type":"product","link":"https:\/\/eterle.cz\/eshop\/produkt\/stahovaci-lustr\/","title":{"rendered":"Stahovac\u00ed lustr"},"content":{"rendered":"<p>Kuchy\u0148sk\u00fd stahovac\u00ed lustr z 70. let minul\u00e9ho stolet\u00ed. St\u00ednidlo je tvo\u0159eno kombinac\u00ed kovu a skla. Sv\u011btlo se hod\u00ed do bytu v retro stylu nebo nad j\u00eddeln\u00ed st\u016fl na chalupu.<\/p>\n<p>Stav: v\u00fdborn\u00fd p\u016fvodn\u00ed stav. Funk\u010dn\u00ed, elektroinstalace p\u016fvodn\u00ed.<br \/>\nRozm\u011br:<br \/>\nStahovac\u00ed<br \/>\nPr\u016fm\u011br: 40 cm<\/p>\n","protected":false},"excerpt":{"rendered":"<p>Kuchy\u0148sk\u00fd stahovac\u00ed lustr z 70. let minul\u00e9ho stolet\u00ed. St\u00ednidlo je tvo\u0159eno kombinac\u00ed kovu a skla. Sv\u011btlo se hod\u00ed do bytu<\/p>\n","protected":false},"featured_media":6559,"template":"","meta":[],"product_brand":[153],"product_cat":[91],"product_tag":[],"class_list":{"0":"post-6558","1":"product","2":"type-product","3":"status-publish","4":"has-post-thumbnail","6":"product_brand-eterle-cz","7":"product_cat-prodane","9":"first","10":"outofstock","11":"purchasable","12":"product-type-simple"},"_links":{"self":[{"href":"https:\/\/eterle.cz\/eshop\/wp-json\/wp\/v2\/product\/6558","targetHints":{"allow":["GET"]}}],"collection":[{"href":"https:\/\/eterle.cz\/eshop\/wp-json\/wp\/v2\/product"}],"about":[{"href":"https:\/\/eterle.cz\/eshop\/wp-json\/wp\/v2\/types\/product"}],"version-history":[{"count":0,"href":"https:\/\/eterle.cz\/eshop\/wp-json\/wp\/v2\/product\/6558\/revisions"}],"wp:featuredmedia":[{"embeddable":true,"href":"https:\/\/eterle.cz\/eshop\/wp-json\/wp\/v2\/media\/6559"}],"wp:attachment":[{"href":"https:\/\/eterle.cz\/eshop\/wp-json\/wp\/v2\/media?parent=6558"}],"wp:term":[{"taxonomy":"product_brand","embeddable":true,"href":"https:\/\/eterle.cz\/eshop\/wp-json\/wp\/v2\/product_brand?post=6558"},{"taxonomy":"product_cat","embeddable":true,"href":"https:\/\/eterle.cz\/eshop\/wp-json\/wp\/v2\/product_cat?post=6558"},{"taxonomy":"product_tag","embeddable":true,"href":"https:\/\/eterle.cz\/eshop\/wp-json\/wp\/v2\/product_tag?post=6558"}],"curies":[{"name":"wp","href":"https:\/\/api.w.org\/{rel}","templated":true}]}}