{"id":6564,"date":"2021-06-02T20:28:24","date_gmt":"2021-06-02T18:28:24","guid":{"rendered":"https:\/\/eterle.cz\/eshopprodukt\/nocni-stolek-s-opaxitovym-sklem\/"},"modified":"2025-02-16T03:06:07","modified_gmt":"2025-02-16T02:06:07","slug":"nocni-stolek-s-opaxitovym-sklem","status":"publish","type":"product","link":"https:\/\/eterle.cz\/eshop\/produkt\/nocni-stolek-s-opaxitovym-sklem\/","title":{"rendered":"No\u010dn\u00ed stolek s opaxitov\u00fdm sklem"},"content":{"rendered":"<p>Minimalistick\u00fd retro stolek s \u010dern\u00fdm opaxitov\u00fdm sklem. Pokud v\u00e1s zaujal, ale nem\u00e1te pro n\u011bj m\u00edsto vedle postele, bude mu to slu\u0161et i v chodb\u011b jako stolek na kabelku nebo na drobn\u00e9. Dob\u0159e poslou\u017e\u00ed i kdekoliv jinde v byt\u011b jako stolek na kv\u011btinu.<\/p>\n<p>Stav: p\u016fvodn\u00ed velmi dobr\u00fd zachoval\u00fd stav<br \/>\nRozm\u011br:<br \/>\nV\u00fd\u0161ka: 56 cm<br \/>\nHloubka: 35 cm<br \/>\n\u0160\u00ed\u0159ka: 46 cm<\/p>\n","protected":false},"excerpt":{"rendered":"<p>Minimalistick\u00fd retro stolek s \u010dern\u00fdm opaxitov\u00fdm sklem. Pokud v\u00e1s zaujal, ale nem\u00e1te pro n\u011bj m\u00edsto vedle postele, bude mu to<\/p>\n","protected":false},"featured_media":6565,"template":"","meta":[],"product_brand":[153],"product_cat":[91],"product_tag":[],"class_list":{"0":"post-6564","1":"product","2":"type-product","3":"status-publish","4":"has-post-thumbnail","6":"product_brand-eterle-cz","7":"product_cat-prodane","8":"product_shipping_class-nadrozmerne","10":"first","11":"outofstock","12":"purchasable","13":"product-type-simple"},"_links":{"self":[{"href":"https:\/\/eterle.cz\/eshop\/wp-json\/wp\/v2\/product\/6564","targetHints":{"allow":["GET"]}}],"collection":[{"href":"https:\/\/eterle.cz\/eshop\/wp-json\/wp\/v2\/product"}],"about":[{"href":"https:\/\/eterle.cz\/eshop\/wp-json\/wp\/v2\/types\/product"}],"version-history":[{"count":0,"href":"https:\/\/eterle.cz\/eshop\/wp-json\/wp\/v2\/product\/6564\/revisions"}],"wp:featuredmedia":[{"embeddable":true,"href":"https:\/\/eterle.cz\/eshop\/wp-json\/wp\/v2\/media\/6565"}],"wp:attachment":[{"href":"https:\/\/eterle.cz\/eshop\/wp-json\/wp\/v2\/media?parent=6564"}],"wp:term":[{"taxonomy":"product_brand","embeddable":true,"href":"https:\/\/eterle.cz\/eshop\/wp-json\/wp\/v2\/product_brand?post=6564"},{"taxonomy":"product_cat","embeddable":true,"href":"https:\/\/eterle.cz\/eshop\/wp-json\/wp\/v2\/product_cat?post=6564"},{"taxonomy":"product_tag","embeddable":true,"href":"https:\/\/eterle.cz\/eshop\/wp-json\/wp\/v2\/product_tag?post=6564"}],"curies":[{"name":"wp","href":"https:\/\/api.w.org\/{rel}","templated":true}]}}