{"id":6578,"date":"2021-06-02T20:49:38","date_gmt":"2021-06-02T18:49:38","guid":{"rendered":"https:\/\/eterle.cz\/eshopprodukt\/retro-servirovaci-stolek\/"},"modified":"2025-02-16T03:06:06","modified_gmt":"2025-02-16T02:06:06","slug":"retro-servirovaci-stolek","status":"publish","type":"product","link":"https:\/\/eterle.cz\/eshop\/produkt\/retro-servirovaci-stolek\/","title":{"rendered":"Retro serv\u00edrovac\u00ed stolek"},"content":{"rendered":"<p>Retro serv\u00edrovac\u00ed stolek je skl\u00e1dac\u00ed, tak\u017ee je mo\u017en\u00e9 ho rozlo\u017eit, jen kdy\u017e \u010dek\u00e1te v\u011bt\u0161\u00ed n\u00e1v\u0161t\u011bvu. Pokud ale m\u00e1te dostatek m\u00edsta, je \u0161koda jej n\u011bkde schov\u00e1vat za sk\u0159\u00edn\u00ed a m\u016f\u017ee m\u00edt sv\u00e9 st\u00e1le m\u00edsto t\u0159eba vedle seda\u010dky. Kombinace chromu a plastu mu dod\u00e1v\u00e1 pom\u011brn\u011b siln\u00fd retro v\u00fdraz.<\/p>\n<p>Stav: p\u016fvodn\u00ed zachoval\u00fd stav, chrom na p\u0159ele\u0161t\u011bn\u00ed<br \/>\nRozm\u011br:<br \/>\nV\u00fd\u0161ka: 80 cm<br \/>\nHloubka: 41 cm<br \/>\nD\u00e9lka: 66 cm<\/p>\n","protected":false},"excerpt":{"rendered":"<p>Retro serv\u00edrovac\u00ed stolek je skl\u00e1dac\u00ed, tak\u017ee je mo\u017en\u00e9 ho rozlo\u017eit, jen kdy\u017e \u010dek\u00e1te v\u011bt\u0161\u00ed n\u00e1v\u0161t\u011bvu. Pokud ale m\u00e1te dostatek m\u00edsta,<\/p>\n","protected":false},"featured_media":6579,"template":"","meta":[],"product_brand":[153],"product_cat":[91],"product_tag":[],"class_list":{"0":"post-6578","1":"product","2":"type-product","3":"status-publish","4":"has-post-thumbnail","6":"product_brand-eterle-cz","7":"product_cat-prodane","8":"product_shipping_class-nadrozmerne","10":"first","11":"outofstock","12":"purchasable","13":"product-type-simple"},"_links":{"self":[{"href":"https:\/\/eterle.cz\/eshop\/wp-json\/wp\/v2\/product\/6578","targetHints":{"allow":["GET"]}}],"collection":[{"href":"https:\/\/eterle.cz\/eshop\/wp-json\/wp\/v2\/product"}],"about":[{"href":"https:\/\/eterle.cz\/eshop\/wp-json\/wp\/v2\/types\/product"}],"version-history":[{"count":0,"href":"https:\/\/eterle.cz\/eshop\/wp-json\/wp\/v2\/product\/6578\/revisions"}],"wp:featuredmedia":[{"embeddable":true,"href":"https:\/\/eterle.cz\/eshop\/wp-json\/wp\/v2\/media\/6579"}],"wp:attachment":[{"href":"https:\/\/eterle.cz\/eshop\/wp-json\/wp\/v2\/media?parent=6578"}],"wp:term":[{"taxonomy":"product_brand","embeddable":true,"href":"https:\/\/eterle.cz\/eshop\/wp-json\/wp\/v2\/product_brand?post=6578"},{"taxonomy":"product_cat","embeddable":true,"href":"https:\/\/eterle.cz\/eshop\/wp-json\/wp\/v2\/product_cat?post=6578"},{"taxonomy":"product_tag","embeddable":true,"href":"https:\/\/eterle.cz\/eshop\/wp-json\/wp\/v2\/product_tag?post=6578"}],"curies":[{"name":"wp","href":"https:\/\/api.w.org\/{rel}","templated":true}]}}