{"id":6588,"date":"2021-06-02T20:49:42","date_gmt":"2021-06-02T18:49:42","guid":{"rendered":"https:\/\/eterle.cz\/eshopprodukt\/mala-srinka-na-zed\/"},"modified":"2025-02-16T03:06:06","modified_gmt":"2025-02-16T02:06:06","slug":"mala-srinka-na-zed","status":"publish","type":"product","link":"https:\/\/eterle.cz\/eshop\/produkt\/mala-srinka-na-zed\/","title":{"rendered":"Mal\u00e1 s\u0159\u00ed\u0148ka na ze\u010f"},"content":{"rendered":"<p>Mal\u00e1 retro sk\u0159\u00ed\u0148ka vhodn\u00e1 do koupelny nebo na WC. Krom poli\u010dek m\u00e1 je\u0161t\u011b mal\u00fd \u0161upl\u00ed\u010dek na tajnosti. Nedostatkov\u00e9 zbo\u017e\u00ed. Sk\u0159\u00ed\u0148ak je v\u010detn\u011b kl\u00ed\u010dku, co\u017e je vz\u00e1cn\u00e9.<\/p>\n<p>Stav: hor\u0161\u00ed p\u016fvodn\u00ed stav, nutno p\u0159elakovat<br \/>\nRozm\u011br:<br \/>\nV\u00fd\u0161ka: 50 cm<br \/>\n\u0160\u00ed\u0159ka: 30 cm<br \/>\nHloubka: 16 cm<\/p>\n","protected":false},"excerpt":{"rendered":"<p>Mal\u00e1 retro sk\u0159\u00ed\u0148ka vhodn\u00e1 do koupelny nebo na WC. Krom poli\u010dek m\u00e1 je\u0161t\u011b mal\u00fd \u0161upl\u00ed\u010dek na tajnosti. Nedostatkov\u00e9 zbo\u017e\u00ed. Sk\u0159\u00ed\u0148ak<\/p>\n","protected":false},"featured_media":6589,"template":"","meta":[],"product_brand":[153],"product_cat":[91],"product_tag":[],"class_list":{"0":"post-6588","1":"product","2":"type-product","3":"status-publish","4":"has-post-thumbnail","6":"product_brand-eterle-cz","7":"product_cat-prodane","8":"product_shipping_class-nadrozmerne","10":"first","11":"outofstock","12":"purchasable","13":"product-type-simple"},"_links":{"self":[{"href":"https:\/\/eterle.cz\/eshop\/wp-json\/wp\/v2\/product\/6588","targetHints":{"allow":["GET"]}}],"collection":[{"href":"https:\/\/eterle.cz\/eshop\/wp-json\/wp\/v2\/product"}],"about":[{"href":"https:\/\/eterle.cz\/eshop\/wp-json\/wp\/v2\/types\/product"}],"version-history":[{"count":0,"href":"https:\/\/eterle.cz\/eshop\/wp-json\/wp\/v2\/product\/6588\/revisions"}],"wp:featuredmedia":[{"embeddable":true,"href":"https:\/\/eterle.cz\/eshop\/wp-json\/wp\/v2\/media\/6589"}],"wp:attachment":[{"href":"https:\/\/eterle.cz\/eshop\/wp-json\/wp\/v2\/media?parent=6588"}],"wp:term":[{"taxonomy":"product_brand","embeddable":true,"href":"https:\/\/eterle.cz\/eshop\/wp-json\/wp\/v2\/product_brand?post=6588"},{"taxonomy":"product_cat","embeddable":true,"href":"https:\/\/eterle.cz\/eshop\/wp-json\/wp\/v2\/product_cat?post=6588"},{"taxonomy":"product_tag","embeddable":true,"href":"https:\/\/eterle.cz\/eshop\/wp-json\/wp\/v2\/product_tag?post=6588"}],"curies":[{"name":"wp","href":"https:\/\/api.w.org\/{rel}","templated":true}]}}