{"id":6618,"date":"2021-06-02T20:52:04","date_gmt":"2021-06-02T18:52:04","guid":{"rendered":"https:\/\/eterle.cz\/eshopprodukt\/kreslo-t-2403-viliam-chlebo\/"},"modified":"2025-02-16T03:06:05","modified_gmt":"2025-02-16T02:06:05","slug":"kreslo-t-2403-viliam-chlebo","status":"publish","type":"product","link":"https:\/\/eterle.cz\/eshop\/produkt\/kreslo-t-2403-viliam-chlebo\/","title":{"rendered":"K\u0159eslo T-2403 \/ Viliam Chlebo"},"content":{"rendered":"<p>Luxusn\u00ed k\u0159eslo T-2403 od slovensk\u00e9ho design\u00e9ra Villiama Chleba vyrobeno v r. 1980 firmou Kodreta Myjava. K\u0159eslo se vyr\u00e1b\u00ed nep\u0159etr\u017eit\u011b ji\u017e 39 let a neztratilo na designu ani kvalit\u011b. Jedin\u00e9, co se za tu dobu zm\u011bnilo je n\u00e1zev, nyn\u00ed je ozna\u010dov\u00e1no Klasik K 417. Pro n\u00e1s je to d\u016fkaz, \u017ee kvalitn\u00ed design net\u0159eba m\u011bnit. Potah v \u010dokol\u00e1dov\u00e9 barv\u011b je sn\u00edmateln\u00fd a je mo\u017eno jej pr\u00e1t.<\/p>\n<p>Zna\u010dka: Viliam Chlebo, v\u00fdrobce Kodreta Myjava<br \/>\nStav: zachoval\u00fd p\u016fvodn\u00ed stav, chrom m\u00edsty zrezl\u00fd<br \/>\nRozm\u011br:<br \/>\nCelkov\u00e1 v\u00fd\u0161ka: 69 cm<br \/>\nV\u00fd\u0161ka sedu: 40 cm<br \/>\nHloubka sedu: 52 cm<br \/>\n\u0160\u00ed\u0159ka sedu: 44 cm<br \/>\n\u0160\u00ed\u0159ka v\u010detn\u011b podru\u010dek: 78 cm<\/p>\n","protected":false},"excerpt":{"rendered":"<p>Luxusn\u00ed k\u0159eslo T-2403 od slovensk\u00e9ho design\u00e9ra Villiama Chleba vyrobeno v r. 1980 firmou Kodreta Myjava. K\u0159eslo se vyr\u00e1b\u00ed nep\u0159etr\u017eit\u011b ji\u017e<\/p>\n","protected":false},"featured_media":6619,"template":"","meta":[],"product_brand":[153],"product_cat":[91],"product_tag":[],"class_list":{"0":"post-6618","1":"product","2":"type-product","3":"status-publish","4":"has-post-thumbnail","6":"product_brand-eterle-cz","7":"product_cat-prodane","8":"product_shipping_class-nadrozmerne","10":"first","11":"outofstock","12":"purchasable","13":"product-type-simple"},"_links":{"self":[{"href":"https:\/\/eterle.cz\/eshop\/wp-json\/wp\/v2\/product\/6618","targetHints":{"allow":["GET"]}}],"collection":[{"href":"https:\/\/eterle.cz\/eshop\/wp-json\/wp\/v2\/product"}],"about":[{"href":"https:\/\/eterle.cz\/eshop\/wp-json\/wp\/v2\/types\/product"}],"version-history":[{"count":1,"href":"https:\/\/eterle.cz\/eshop\/wp-json\/wp\/v2\/product\/6618\/revisions"}],"predecessor-version":[{"id":15923,"href":"https:\/\/eterle.cz\/eshop\/wp-json\/wp\/v2\/product\/6618\/revisions\/15923"}],"wp:featuredmedia":[{"embeddable":true,"href":"https:\/\/eterle.cz\/eshop\/wp-json\/wp\/v2\/media\/6619"}],"wp:attachment":[{"href":"https:\/\/eterle.cz\/eshop\/wp-json\/wp\/v2\/media?parent=6618"}],"wp:term":[{"taxonomy":"product_brand","embeddable":true,"href":"https:\/\/eterle.cz\/eshop\/wp-json\/wp\/v2\/product_brand?post=6618"},{"taxonomy":"product_cat","embeddable":true,"href":"https:\/\/eterle.cz\/eshop\/wp-json\/wp\/v2\/product_cat?post=6618"},{"taxonomy":"product_tag","embeddable":true,"href":"https:\/\/eterle.cz\/eshop\/wp-json\/wp\/v2\/product_tag?post=6618"}],"curies":[{"name":"wp","href":"https:\/\/api.w.org\/{rel}","templated":true}]}}