{"id":6645,"date":"2021-06-02T20:52:40","date_gmt":"2021-06-02T18:52:40","guid":{"rendered":"https:\/\/eterle.cz\/eshopprodukt\/kuchynsky-stul\/"},"modified":"2025-02-16T03:06:04","modified_gmt":"2025-02-16T02:06:04","slug":"kuchynsky-stul","status":"publish","type":"product","link":"https:\/\/eterle.cz\/eshop\/produkt\/kuchynsky-stul\/","title":{"rendered":"Kuchy\u0148sk\u00fd st\u016fl"},"content":{"rendered":"<p>Posledn\u00ed rok se op\u011bt vrac\u00ed trend chalup. Pot\u0159ebujete-li jednu takovou malebnou chalupu za\u0159\u00eddit, mohl by se v\u00e1m hodit tento kuchy\u0148sk\u00fd st\u016fl se \u0161upl\u00edkem.<\/p>\n<p>Stav: p\u016fvodn\u00ed s patinou<br \/>\nRozm\u011br:<br \/>\nV\u00fd\u0161ka: 78 cm<br \/>\n\u0160\u00ed\u0159ka: 100 cm<br \/>\nHloubka: 65 cm<\/p>\n","protected":false},"excerpt":{"rendered":"<p>Posledn\u00ed rok se op\u011bt vrac\u00ed trend chalup. Pot\u0159ebujete-li jednu takovou malebnou chalupu za\u0159\u00eddit, mohl by se v\u00e1m hodit tento kuchy\u0148sk\u00fd<\/p>\n","protected":false},"featured_media":6646,"template":"","meta":[],"product_brand":[153],"product_cat":[91],"product_tag":[],"class_list":{"0":"post-6645","1":"product","2":"type-product","3":"status-publish","4":"has-post-thumbnail","6":"product_brand-eterle-cz","7":"product_cat-prodane","8":"product_shipping_class-nadrozmerne","10":"first","11":"outofstock","12":"purchasable","13":"product-type-simple"},"_links":{"self":[{"href":"https:\/\/eterle.cz\/eshop\/wp-json\/wp\/v2\/product\/6645","targetHints":{"allow":["GET"]}}],"collection":[{"href":"https:\/\/eterle.cz\/eshop\/wp-json\/wp\/v2\/product"}],"about":[{"href":"https:\/\/eterle.cz\/eshop\/wp-json\/wp\/v2\/types\/product"}],"version-history":[{"count":0,"href":"https:\/\/eterle.cz\/eshop\/wp-json\/wp\/v2\/product\/6645\/revisions"}],"wp:featuredmedia":[{"embeddable":true,"href":"https:\/\/eterle.cz\/eshop\/wp-json\/wp\/v2\/media\/6646"}],"wp:attachment":[{"href":"https:\/\/eterle.cz\/eshop\/wp-json\/wp\/v2\/media?parent=6645"}],"wp:term":[{"taxonomy":"product_brand","embeddable":true,"href":"https:\/\/eterle.cz\/eshop\/wp-json\/wp\/v2\/product_brand?post=6645"},{"taxonomy":"product_cat","embeddable":true,"href":"https:\/\/eterle.cz\/eshop\/wp-json\/wp\/v2\/product_cat?post=6645"},{"taxonomy":"product_tag","embeddable":true,"href":"https:\/\/eterle.cz\/eshop\/wp-json\/wp\/v2\/product_tag?post=6645"}],"curies":[{"name":"wp","href":"https:\/\/api.w.org\/{rel}","templated":true}]}}