{"id":6654,"date":"2021-06-02T20:53:05","date_gmt":"2021-06-02T18:53:05","guid":{"rendered":"https:\/\/eterle.cz\/eshopprodukt\/kreslo-c-947-ton\/"},"modified":"2025-02-16T03:06:04","modified_gmt":"2025-02-16T02:06:04","slug":"kreslo-c-947-ton","status":"publish","type":"product","link":"https:\/\/eterle.cz\/eshop\/produkt\/kreslo-c-947-ton\/","title":{"rendered":"K\u0159eslo c. 947 \/ Ton"},"content":{"rendered":"<p>Legend\u00e1rn\u00ed k\u0159eslo Ton \u010d. 947 od n\u00e1vrh\u00e1\u0159e Anton\u00edna \u0160umana bylo vyrobeo v 60. letech. Toto ikonick\u00e9 k\u0159eslo z\u00edskalo dokonce medaili za design na sv\u011btov\u00e9m EXPO \u201958 v Bruselu. Je v zachoval\u00e9m p\u016fvodn\u00edm stavu.<\/p>\n<p>Zna\u010dka: Ton<br \/>\nStav: zachoval\u00fd p\u016fvodn\u00ed stav s patinou<br \/>\nRozm\u011br:<br \/>\nCelkov\u00e1 v\u00fd\u0161ka: 92 cm<br \/>\nV\u00fd\u0161ka sedu: 38 cm<br \/>\nHloubka sedu: 47 cm<br \/>\n\u0160\u00ed\u0159ka sedu: 47 cm<br \/>\n\u0160\u00ed\u0159ka celkem: 57 cm<\/p>\n","protected":false},"excerpt":{"rendered":"<p>Legend\u00e1rn\u00ed k\u0159eslo Ton \u010d. 947 od n\u00e1vrh\u00e1\u0159e Anton\u00edna \u0160umana bylo vyrobeo v 60. letech. Toto ikonick\u00e9 k\u0159eslo z\u00edskalo dokonce medaili<\/p>\n","protected":false},"featured_media":6655,"template":"","meta":[],"product_brand":[153],"product_cat":[91],"product_tag":[],"class_list":{"0":"post-6654","1":"product","2":"type-product","3":"status-publish","4":"has-post-thumbnail","6":"product_brand-eterle-cz","7":"product_cat-prodane","8":"product_shipping_class-nadrozmerne","10":"first","11":"outofstock","12":"purchasable","13":"product-type-simple"},"_links":{"self":[{"href":"https:\/\/eterle.cz\/eshop\/wp-json\/wp\/v2\/product\/6654","targetHints":{"allow":["GET"]}}],"collection":[{"href":"https:\/\/eterle.cz\/eshop\/wp-json\/wp\/v2\/product"}],"about":[{"href":"https:\/\/eterle.cz\/eshop\/wp-json\/wp\/v2\/types\/product"}],"version-history":[{"count":0,"href":"https:\/\/eterle.cz\/eshop\/wp-json\/wp\/v2\/product\/6654\/revisions"}],"wp:featuredmedia":[{"embeddable":true,"href":"https:\/\/eterle.cz\/eshop\/wp-json\/wp\/v2\/media\/6655"}],"wp:attachment":[{"href":"https:\/\/eterle.cz\/eshop\/wp-json\/wp\/v2\/media?parent=6654"}],"wp:term":[{"taxonomy":"product_brand","embeddable":true,"href":"https:\/\/eterle.cz\/eshop\/wp-json\/wp\/v2\/product_brand?post=6654"},{"taxonomy":"product_cat","embeddable":true,"href":"https:\/\/eterle.cz\/eshop\/wp-json\/wp\/v2\/product_cat?post=6654"},{"taxonomy":"product_tag","embeddable":true,"href":"https:\/\/eterle.cz\/eshop\/wp-json\/wp\/v2\/product_tag?post=6654"}],"curies":[{"name":"wp","href":"https:\/\/api.w.org\/{rel}","templated":true}]}}