{"id":6674,"date":"2021-06-02T20:53:42","date_gmt":"2021-06-02T18:53:42","guid":{"rendered":"https:\/\/eterle.cz\/eshopprodukt\/sifonova-lahev\/"},"modified":"2025-02-16T03:06:03","modified_gmt":"2025-02-16T02:06:03","slug":"sifonova-lahev","status":"publish","type":"product","link":"https:\/\/eterle.cz\/eshop\/produkt\/sifonova-lahev\/","title":{"rendered":"Sifonov\u00e1 l\u00e1hev"},"content":{"rendered":"<p>Tato retro sklen\u011bn\u00e1 sifonov\u00e1 l\u00e1hev z 70-80. let mi evokuje pr\u00e1zdniny na chalup\u011b. Pamatuji si, jak si v n\u00ed d\u011bda d\u011blal v hork\u00fdch letn\u00edch dnech sifon. Pro m\u011b je to tedy i kr\u00e1sn\u00fd designov\u00fd a nostalgick\u00fd dopln\u011bk interi\u00e9ru.<\/p>\n<p>Stav: kov v hor\u0161\u00edm p\u016fvodn\u00edm stavu<br \/>\nRozm\u011br:<br \/>\nV\u00fd\u0161ka: 37 cm<br \/>\nObsah: 1,5 l<\/p>\n","protected":false},"excerpt":{"rendered":"<p>Tato retro sklen\u011bn\u00e1 sifonov\u00e1 l\u00e1hev z 70-80. let mi evokuje pr\u00e1zdniny na chalup\u011b. Pamatuji si, jak si v n\u00ed d\u011bda<\/p>\n","protected":false},"featured_media":6675,"template":"","meta":[],"product_brand":[153],"product_cat":[91],"product_tag":[],"class_list":{"0":"post-6674","1":"product","2":"type-product","3":"status-publish","4":"has-post-thumbnail","6":"product_brand-eterle-cz","7":"product_cat-prodane","9":"first","10":"outofstock","11":"purchasable","12":"product-type-simple"},"_links":{"self":[{"href":"https:\/\/eterle.cz\/eshop\/wp-json\/wp\/v2\/product\/6674","targetHints":{"allow":["GET"]}}],"collection":[{"href":"https:\/\/eterle.cz\/eshop\/wp-json\/wp\/v2\/product"}],"about":[{"href":"https:\/\/eterle.cz\/eshop\/wp-json\/wp\/v2\/types\/product"}],"version-history":[{"count":0,"href":"https:\/\/eterle.cz\/eshop\/wp-json\/wp\/v2\/product\/6674\/revisions"}],"wp:featuredmedia":[{"embeddable":true,"href":"https:\/\/eterle.cz\/eshop\/wp-json\/wp\/v2\/media\/6675"}],"wp:attachment":[{"href":"https:\/\/eterle.cz\/eshop\/wp-json\/wp\/v2\/media?parent=6674"}],"wp:term":[{"taxonomy":"product_brand","embeddable":true,"href":"https:\/\/eterle.cz\/eshop\/wp-json\/wp\/v2\/product_brand?post=6674"},{"taxonomy":"product_cat","embeddable":true,"href":"https:\/\/eterle.cz\/eshop\/wp-json\/wp\/v2\/product_cat?post=6674"},{"taxonomy":"product_tag","embeddable":true,"href":"https:\/\/eterle.cz\/eshop\/wp-json\/wp\/v2\/product_tag?post=6674"}],"curies":[{"name":"wp","href":"https:\/\/api.w.org\/{rel}","templated":true}]}}