{"id":6679,"date":"2021-06-02T20:53:52","date_gmt":"2021-06-02T18:53:52","guid":{"rendered":"https:\/\/eterle.cz\/eshopprodukt\/bdna-na-periny\/"},"modified":"2025-02-16T03:06:03","modified_gmt":"2025-02-16T02:06:03","slug":"bdna-na-periny","status":"publish","type":"product","link":"https:\/\/eterle.cz\/eshop\/produkt\/bdna-na-periny\/","title":{"rendered":"Bedna na pe\u0159iny"},"content":{"rendered":"<p>Bedna na pe\u0159iny. Hod\u00ed se ale i jako \u00falo\u017en\u00fd prostor na v\u011bt\u0161\u00ed hra\u010dky nebo rychl\u00e9 ukryt\u00ed milence \ud83d\ude42<\/p>\n<p>Stav: zachoval\u00fd p\u016fvodn\u00ed stav<br \/>\nRozm\u011br:<br \/>\nV\u00fd\u0161ka: 74 cm<br \/>\nD\u00e9lka: 161 cm<br \/>\nHloubka: 42 cm<\/p>\n","protected":false},"excerpt":{"rendered":"<p>Bedna na pe\u0159iny. Hod\u00ed se ale i jako \u00falo\u017en\u00fd prostor na v\u011bt\u0161\u00ed hra\u010dky nebo rychl\u00e9 ukryt\u00ed milence \ud83d\ude42 Stav: zachoval\u00fd<\/p>\n","protected":false},"featured_media":6680,"template":"","meta":[],"product_brand":[153],"product_cat":[91],"product_tag":[],"class_list":{"0":"post-6679","1":"product","2":"type-product","3":"status-publish","4":"has-post-thumbnail","6":"product_brand-eterle-cz","7":"product_cat-prodane","8":"product_shipping_class-nadrozmerne","10":"first","11":"outofstock","12":"purchasable","13":"product-type-simple"},"_links":{"self":[{"href":"https:\/\/eterle.cz\/eshop\/wp-json\/wp\/v2\/product\/6679","targetHints":{"allow":["GET"]}}],"collection":[{"href":"https:\/\/eterle.cz\/eshop\/wp-json\/wp\/v2\/product"}],"about":[{"href":"https:\/\/eterle.cz\/eshop\/wp-json\/wp\/v2\/types\/product"}],"version-history":[{"count":0,"href":"https:\/\/eterle.cz\/eshop\/wp-json\/wp\/v2\/product\/6679\/revisions"}],"wp:featuredmedia":[{"embeddable":true,"href":"https:\/\/eterle.cz\/eshop\/wp-json\/wp\/v2\/media\/6680"}],"wp:attachment":[{"href":"https:\/\/eterle.cz\/eshop\/wp-json\/wp\/v2\/media?parent=6679"}],"wp:term":[{"taxonomy":"product_brand","embeddable":true,"href":"https:\/\/eterle.cz\/eshop\/wp-json\/wp\/v2\/product_brand?post=6679"},{"taxonomy":"product_cat","embeddable":true,"href":"https:\/\/eterle.cz\/eshop\/wp-json\/wp\/v2\/product_cat?post=6679"},{"taxonomy":"product_tag","embeddable":true,"href":"https:\/\/eterle.cz\/eshop\/wp-json\/wp\/v2\/product_tag?post=6679"}],"curies":[{"name":"wp","href":"https:\/\/api.w.org\/{rel}","templated":true}]}}