{"id":6711,"date":"2021-06-02T20:54:57","date_gmt":"2021-06-02T18:54:57","guid":{"rendered":"https:\/\/eterle.cz\/eshopprodukt\/sada-melkych-taliru\/"},"modified":"2025-02-16T03:06:01","modified_gmt":"2025-02-16T02:06:01","slug":"sada-melkych-taliru","status":"publish","type":"product","link":"https:\/\/eterle.cz\/eshop\/produkt\/sada-melkych-taliru\/","title":{"rendered":"Sada m\u011blk\u00fdch tal\u00ed\u0159\u016f"},"content":{"rendered":"<p>Tal\u00ed\u0159 jak pro \u0161\u00edpkovou r\u016f\u017eenku na kter\u00e9m \u017eiv\u011b vid\u00edme ovocn\u00e9 knedl\u00edky s tvarohem. Ide\u00e1ln\u00ed sada na letn\u00ed stolov\u00e1n\u00ed na chalup\u011b \u010di terase.<\/p>\n<p>Zna\u010dka: Nov\u00e1 Role<br \/>\nStav: Zlat\u00e1 linka v po\u0159\u00e1dku, glazura m\u00edsty lehce po\u0161kr\u00e1ban\u00e1 pou\u017e\u00edv\u00e1n\u00edm<br \/>\nRozm\u011br:<br \/>\nPr\u016fm\u011br 24,5 cm<\/p>\n","protected":false},"excerpt":{"rendered":"<p>Tal\u00ed\u0159 jak pro \u0161\u00edpkovou r\u016f\u017eenku na kter\u00e9m \u017eiv\u011b vid\u00edme ovocn\u00e9 knedl\u00edky s tvarohem. Ide\u00e1ln\u00ed sada na letn\u00ed stolov\u00e1n\u00ed na chalup\u011b<\/p>\n","protected":false},"featured_media":6712,"template":"","meta":[],"product_brand":[153],"product_cat":[91],"product_tag":[],"class_list":{"0":"post-6711","1":"product","2":"type-product","3":"status-publish","4":"has-post-thumbnail","6":"product_brand-eterle-cz","7":"product_cat-prodane","9":"first","10":"outofstock","11":"purchasable","12":"product-type-simple"},"_links":{"self":[{"href":"https:\/\/eterle.cz\/eshop\/wp-json\/wp\/v2\/product\/6711","targetHints":{"allow":["GET"]}}],"collection":[{"href":"https:\/\/eterle.cz\/eshop\/wp-json\/wp\/v2\/product"}],"about":[{"href":"https:\/\/eterle.cz\/eshop\/wp-json\/wp\/v2\/types\/product"}],"version-history":[{"count":0,"href":"https:\/\/eterle.cz\/eshop\/wp-json\/wp\/v2\/product\/6711\/revisions"}],"wp:featuredmedia":[{"embeddable":true,"href":"https:\/\/eterle.cz\/eshop\/wp-json\/wp\/v2\/media\/6712"}],"wp:attachment":[{"href":"https:\/\/eterle.cz\/eshop\/wp-json\/wp\/v2\/media?parent=6711"}],"wp:term":[{"taxonomy":"product_brand","embeddable":true,"href":"https:\/\/eterle.cz\/eshop\/wp-json\/wp\/v2\/product_brand?post=6711"},{"taxonomy":"product_cat","embeddable":true,"href":"https:\/\/eterle.cz\/eshop\/wp-json\/wp\/v2\/product_cat?post=6711"},{"taxonomy":"product_tag","embeddable":true,"href":"https:\/\/eterle.cz\/eshop\/wp-json\/wp\/v2\/product_tag?post=6711"}],"curies":[{"name":"wp","href":"https:\/\/api.w.org\/{rel}","templated":true}]}}