{"id":6717,"date":"2021-06-02T20:55:13","date_gmt":"2021-06-02T18:55:13","guid":{"rendered":"https:\/\/eterle.cz\/eshopprodukt\/snidanova-cajova-souprava\/"},"modified":"2025-03-13T20:52:24","modified_gmt":"2025-03-13T19:52:24","slug":"snidanova-cajova-souprava","status":"publish","type":"product","link":"https:\/\/eterle.cz\/eshop\/produkt\/snidanova-cajova-souprava\/","title":{"rendered":"Sn\u00edda\u0148ov\u00e1 \u010dajov\u00e1 souprava"},"content":{"rendered":"<p>Sn\u00edda\u0148ov\u00e1 sada ze silno st\u011bnn\u00e9ho porcel\u00e1nu je ide\u00e1ln\u00ed na kol\u00e1\u010d a \u010daj. Zaj\u00edmav\u00e1 kontrastn\u00ed kombinace r\u016f\u017e\u00ed a \u010dern\u00e9ho geometrick\u00e9ho vzoru dod\u00e1v\u00e1 porcel\u00e1nu velmi retro r\u00e1z.<\/p>\n<p>Stav: dobr\u00fd p\u016fvodn\u00ed stav bez po\u0161kozen\u00ed<br \/>\nRozm\u011br:<br \/>\nObjem konvice: 0,5 l<br \/>\nPr\u016fm\u011br dezert\u00edho tal\u00ed\u0159ku: 19 cm<br \/>\nObjem hrnku: 150 ml<\/p>\n","protected":false},"excerpt":{"rendered":"<p>Sn\u00edda\u0148ov\u00e1 sada ze silno st\u011bnn\u00e9ho porcel\u00e1nu je ide\u00e1ln\u00ed na kol\u00e1\u010d a \u010daj. Zaj\u00edmav\u00e1 kontrastn\u00ed kombinace r\u016f\u017e\u00ed a \u010dern\u00e9ho geometrick\u00e9ho vzoru<\/p>\n","protected":false},"featured_media":6718,"template":"","meta":[],"product_brand":[153],"product_cat":[91],"product_tag":[],"class_list":{"0":"post-6717","1":"product","2":"type-product","3":"status-publish","4":"has-post-thumbnail","6":"product_brand-eterle-cz","7":"product_cat-prodane","9":"first","10":"outofstock","11":"purchasable","12":"product-type-simple"},"_links":{"self":[{"href":"https:\/\/eterle.cz\/eshop\/wp-json\/wp\/v2\/product\/6717","targetHints":{"allow":["GET"]}}],"collection":[{"href":"https:\/\/eterle.cz\/eshop\/wp-json\/wp\/v2\/product"}],"about":[{"href":"https:\/\/eterle.cz\/eshop\/wp-json\/wp\/v2\/types\/product"}],"version-history":[{"count":0,"href":"https:\/\/eterle.cz\/eshop\/wp-json\/wp\/v2\/product\/6717\/revisions"}],"wp:featuredmedia":[{"embeddable":true,"href":"https:\/\/eterle.cz\/eshop\/wp-json\/wp\/v2\/media\/6718"}],"wp:attachment":[{"href":"https:\/\/eterle.cz\/eshop\/wp-json\/wp\/v2\/media?parent=6717"}],"wp:term":[{"taxonomy":"product_brand","embeddable":true,"href":"https:\/\/eterle.cz\/eshop\/wp-json\/wp\/v2\/product_brand?post=6717"},{"taxonomy":"product_cat","embeddable":true,"href":"https:\/\/eterle.cz\/eshop\/wp-json\/wp\/v2\/product_cat?post=6717"},{"taxonomy":"product_tag","embeddable":true,"href":"https:\/\/eterle.cz\/eshop\/wp-json\/wp\/v2\/product_tag?post=6717"}],"curies":[{"name":"wp","href":"https:\/\/api.w.org\/{rel}","templated":true}]}}