{"id":6722,"date":"2021-06-02T20:55:20","date_gmt":"2021-06-02T18:55:20","guid":{"rendered":"https:\/\/eterle.cz\/eshopprodukt\/starozitny-snidanovy-set\/"},"modified":"2025-02-16T03:06:00","modified_gmt":"2025-02-16T02:06:00","slug":"starozitny-snidanovy-set","status":"publish","type":"product","link":"https:\/\/eterle.cz\/eshop\/produkt\/starozitny-snidanovy-set\/","title":{"rendered":"Staro\u017eitn\u00fd sn\u00edda\u0148ov\u00fd set"},"content":{"rendered":"<p>V\u00fdrazn\u011b zlacen\u00e1 sn\u00edda\u0148ov\u00e1 sada v art deco stylu. Rozvln\u011bn\u00fd geometrick\u00fd vzor po okraj\u00edch evokuje p\u00edse\u010dn\u00e9 duny s o\u00e1zou uprost\u0159ed. \u010caj o p\u00e1t\u00e9 si v\u0161ak z tohoto\u0161\u00e1lku vychutn\u00e1te jak hrab\u011bnka ze z\u00e1mku.<\/p>\n<p>Zna\u010dka: Winterling<br \/>\nStav: V dobr\u00e9m p\u016fvodn\u00edm stavu, jen zlat\u00fd dekor je m\u00edsty o\u0161oupan\u00fd<br \/>\nRozm\u011br:<br \/>\nObjem hrnku: 150 ml<br \/>\nPr\u016fm\u011br dezertn\u00edho tal\u00ed\u0159ku: 19 cm<\/p>\n","protected":false},"excerpt":{"rendered":"<p>V\u00fdrazn\u011b zlacen\u00e1 sn\u00edda\u0148ov\u00e1 sada v art deco stylu. Rozvln\u011bn\u00fd geometrick\u00fd vzor po okraj\u00edch evokuje p\u00edse\u010dn\u00e9 duny s o\u00e1zou uprost\u0159ed. \u010caj<\/p>\n","protected":false},"featured_media":6723,"template":"","meta":[],"product_brand":[153],"product_cat":[91],"product_tag":[],"class_list":{"0":"post-6722","1":"product","2":"type-product","3":"status-publish","4":"has-post-thumbnail","6":"product_brand-eterle-cz","7":"product_cat-prodane","9":"first","10":"outofstock","11":"purchasable","12":"product-type-simple"},"_links":{"self":[{"href":"https:\/\/eterle.cz\/eshop\/wp-json\/wp\/v2\/product\/6722","targetHints":{"allow":["GET"]}}],"collection":[{"href":"https:\/\/eterle.cz\/eshop\/wp-json\/wp\/v2\/product"}],"about":[{"href":"https:\/\/eterle.cz\/eshop\/wp-json\/wp\/v2\/types\/product"}],"version-history":[{"count":0,"href":"https:\/\/eterle.cz\/eshop\/wp-json\/wp\/v2\/product\/6722\/revisions"}],"wp:featuredmedia":[{"embeddable":true,"href":"https:\/\/eterle.cz\/eshop\/wp-json\/wp\/v2\/media\/6723"}],"wp:attachment":[{"href":"https:\/\/eterle.cz\/eshop\/wp-json\/wp\/v2\/media?parent=6722"}],"wp:term":[{"taxonomy":"product_brand","embeddable":true,"href":"https:\/\/eterle.cz\/eshop\/wp-json\/wp\/v2\/product_brand?post=6722"},{"taxonomy":"product_cat","embeddable":true,"href":"https:\/\/eterle.cz\/eshop\/wp-json\/wp\/v2\/product_cat?post=6722"},{"taxonomy":"product_tag","embeddable":true,"href":"https:\/\/eterle.cz\/eshop\/wp-json\/wp\/v2\/product_tag?post=6722"}],"curies":[{"name":"wp","href":"https:\/\/api.w.org\/{rel}","templated":true}]}}