{"id":6729,"date":"2021-06-02T20:55:32","date_gmt":"2021-06-02T18:55:32","guid":{"rendered":"https:\/\/eterle.cz\/eshopprodukt\/dva-cajove-salky-s-podsalkem\/"},"modified":"2025-06-24T01:51:55","modified_gmt":"2025-06-23T23:51:55","slug":"dva-cajove-salky-s-podsalkem","status":"publish","type":"product","link":"https:\/\/eterle.cz\/eshop\/produkt\/dva-cajove-salky-s-podsalkem\/","title":{"rendered":"Dva \u010dajov\u00e9 \u0161\u00e1lky s pod\u0161\u00e1lkem"},"content":{"rendered":"<p>\u0160\u00e1lky poch\u00e1z\u00ed z rodinn\u00e9ho podniku zalo\u017een\u00e9ho v roce 1906 Johannem Kronesterem se s\u00eddlem v bavorsk\u00e9m Swarzenbachu, od roku 2004 pat\u0159\u00ed k firm\u011b Arzberg-Porzellan. Porcel\u00e1n je zdoben kobaltov\u00fdm prou\u017ekem se zelen\u00fdmi listy. Pod ou\u0161kem se skr\u00fdv\u00e1 nen\u00e1padn\u00fd decentn\u011b \u0161ed\u00fd monogram D. E.<\/p>\n<p>Zna\u010dka: Kronester<br \/>\nStav: perfektn\u00ed &#8211; nov\u00e9<br \/>\nRozm\u011br:<br \/>\nObjem: 125 ml<\/p>\n","protected":false},"excerpt":{"rendered":"<p>\u0160\u00e1lky poch\u00e1z\u00ed z rodinn\u00e9ho podniku zalo\u017een\u00e9ho v roce 1906 Johannem Kronesterem se s\u00eddlem v bavorsk\u00e9m Swarzenbachu, od roku 2004 pat\u0159\u00ed<\/p>\n","protected":false},"featured_media":6730,"template":"","meta":[],"product_brand":[153],"product_cat":[76,120],"product_tag":[],"class_list":{"0":"post-6729","1":"product","2":"type-product","3":"status-publish","4":"has-post-thumbnail","6":"product_brand-eterle-cz","7":"product_cat-porcelan","8":"product_cat-hrnecky","10":"first","11":"instock","12":"purchasable","13":"product-type-simple"},"_links":{"self":[{"href":"https:\/\/eterle.cz\/eshop\/wp-json\/wp\/v2\/product\/6729","targetHints":{"allow":["GET"]}}],"collection":[{"href":"https:\/\/eterle.cz\/eshop\/wp-json\/wp\/v2\/product"}],"about":[{"href":"https:\/\/eterle.cz\/eshop\/wp-json\/wp\/v2\/types\/product"}],"version-history":[{"count":1,"href":"https:\/\/eterle.cz\/eshop\/wp-json\/wp\/v2\/product\/6729\/revisions"}],"predecessor-version":[{"id":26128,"href":"https:\/\/eterle.cz\/eshop\/wp-json\/wp\/v2\/product\/6729\/revisions\/26128"}],"wp:featuredmedia":[{"embeddable":true,"href":"https:\/\/eterle.cz\/eshop\/wp-json\/wp\/v2\/media\/6730"}],"wp:attachment":[{"href":"https:\/\/eterle.cz\/eshop\/wp-json\/wp\/v2\/media?parent=6729"}],"wp:term":[{"taxonomy":"product_brand","embeddable":true,"href":"https:\/\/eterle.cz\/eshop\/wp-json\/wp\/v2\/product_brand?post=6729"},{"taxonomy":"product_cat","embeddable":true,"href":"https:\/\/eterle.cz\/eshop\/wp-json\/wp\/v2\/product_cat?post=6729"},{"taxonomy":"product_tag","embeddable":true,"href":"https:\/\/eterle.cz\/eshop\/wp-json\/wp\/v2\/product_tag?post=6729"}],"curies":[{"name":"wp","href":"https:\/\/api.w.org\/{rel}","templated":true}]}}