{"id":6733,"date":"2021-06-02T20:55:44","date_gmt":"2021-06-02T18:55:44","guid":{"rendered":"https:\/\/eterle.cz\/eshopprodukt\/popelnik\/"},"modified":"2025-02-16T03:06:00","modified_gmt":"2025-02-16T02:06:00","slug":"popelnik","status":"publish","type":"product","link":"https:\/\/eterle.cz\/eshop\/produkt\/popelnik\/","title":{"rendered":"Popeln\u00edk"},"content":{"rendered":"<p>Men\u0161\u00ed retro sklen\u011bn\u00fd poplen\u00edk ve v\u00fdrazn\u00fdch barv\u00e1ch. Vhodn\u00fd d\u00e1rek i pro hipstersk\u00e9ho ku\u0159\u00e1ka.<\/p>\n<p>Stav: perfektn\u00ed<br \/>\nRozm\u011br:<br \/>\nPr\u016fm\u011br: 10,5 cm<br \/>\nV\u00fd\u0161ka: 4 cm<\/p>\n","protected":false},"excerpt":{"rendered":"<p>Men\u0161\u00ed retro sklen\u011bn\u00fd poplen\u00edk ve v\u00fdrazn\u00fdch barv\u00e1ch. Vhodn\u00fd d\u00e1rek i pro hipstersk\u00e9ho ku\u0159\u00e1ka. Stav: perfektn\u00ed Rozm\u011br: Pr\u016fm\u011br: 10,5 cm V\u00fd\u0161ka:<\/p>\n","protected":false},"featured_media":6734,"template":"","meta":[],"product_brand":[153],"product_cat":[91],"product_tag":[],"class_list":{"0":"post-6733","1":"product","2":"type-product","3":"status-publish","4":"has-post-thumbnail","6":"product_brand-eterle-cz","7":"product_cat-prodane","9":"first","10":"outofstock","11":"purchasable","12":"product-type-simple"},"_links":{"self":[{"href":"https:\/\/eterle.cz\/eshop\/wp-json\/wp\/v2\/product\/6733","targetHints":{"allow":["GET"]}}],"collection":[{"href":"https:\/\/eterle.cz\/eshop\/wp-json\/wp\/v2\/product"}],"about":[{"href":"https:\/\/eterle.cz\/eshop\/wp-json\/wp\/v2\/types\/product"}],"version-history":[{"count":0,"href":"https:\/\/eterle.cz\/eshop\/wp-json\/wp\/v2\/product\/6733\/revisions"}],"wp:featuredmedia":[{"embeddable":true,"href":"https:\/\/eterle.cz\/eshop\/wp-json\/wp\/v2\/media\/6734"}],"wp:attachment":[{"href":"https:\/\/eterle.cz\/eshop\/wp-json\/wp\/v2\/media?parent=6733"}],"wp:term":[{"taxonomy":"product_brand","embeddable":true,"href":"https:\/\/eterle.cz\/eshop\/wp-json\/wp\/v2\/product_brand?post=6733"},{"taxonomy":"product_cat","embeddable":true,"href":"https:\/\/eterle.cz\/eshop\/wp-json\/wp\/v2\/product_cat?post=6733"},{"taxonomy":"product_tag","embeddable":true,"href":"https:\/\/eterle.cz\/eshop\/wp-json\/wp\/v2\/product_tag?post=6733"}],"curies":[{"name":"wp","href":"https:\/\/api.w.org\/{rel}","templated":true}]}}