{"id":6737,"date":"2021-06-02T20:55:50","date_gmt":"2021-06-02T18:55:50","guid":{"rendered":"https:\/\/eterle.cz\/eshopprodukt\/retro-nakupni-kosik\/"},"modified":"2025-02-16T03:05:59","modified_gmt":"2025-02-16T02:05:59","slug":"retro-nakupni-kosik","status":"publish","type":"product","link":"https:\/\/eterle.cz\/eshop\/produkt\/retro-nakupni-kosik\/","title":{"rendered":"Retro n\u00e1kupn\u00ed ko\u0161\u00edk"},"content":{"rendered":"<p>Op\u011bt jeden vzpom\u00ednkov\u00fd retro kousek z ml\u00e1d\u00ed n\u011bkter\u00fdch z v\u00e1s. Dr\u00e1t\u011bn\u00fd ko\u0161\u00edk m\u00e1 i zachoval\u00e1 ucha na lahve. J\u00e1 si v n\u011bm ale vybavuji p\u0159edev\u0161\u00edm plastov\u00fd pytl\u00edk s modr\u00fdm \u010di \u010derven\u00fdm n\u00e1pisem &#8222;ml\u00e9ko&#8220;. Na farm\u00e1\u0159sk\u00e9m trhu s n\u00edm ur\u010dit\u011b zaujmete a zelenina se v n\u011bm nezapa\u0159\u00ed.<\/p>\n<p>Stav: hezk\u00fd p\u016fvodn\u00ed stav, pouze ucha na lahve zrezl\u00e1<br \/>\nRozm\u011br:<br \/>\nD\u00e9lka: 40 cm<br \/>\nHloubka: 26 cm<br \/>\nV\u00fd\u0161ka: 16 cm<\/p>\n","protected":false},"excerpt":{"rendered":"<p>Op\u011bt jeden vzpom\u00ednkov\u00fd retro kousek z ml\u00e1d\u00ed n\u011bkter\u00fdch z v\u00e1s. Dr\u00e1t\u011bn\u00fd ko\u0161\u00edk m\u00e1 i zachoval\u00e1 ucha na lahve. J\u00e1 si<\/p>\n","protected":false},"featured_media":6738,"template":"","meta":[],"product_brand":[153],"product_cat":[91],"product_tag":[],"class_list":{"0":"post-6737","1":"product","2":"type-product","3":"status-publish","4":"has-post-thumbnail","6":"product_brand-eterle-cz","7":"product_cat-prodane","9":"first","10":"outofstock","11":"purchasable","12":"product-type-simple"},"_links":{"self":[{"href":"https:\/\/eterle.cz\/eshop\/wp-json\/wp\/v2\/product\/6737","targetHints":{"allow":["GET"]}}],"collection":[{"href":"https:\/\/eterle.cz\/eshop\/wp-json\/wp\/v2\/product"}],"about":[{"href":"https:\/\/eterle.cz\/eshop\/wp-json\/wp\/v2\/types\/product"}],"version-history":[{"count":0,"href":"https:\/\/eterle.cz\/eshop\/wp-json\/wp\/v2\/product\/6737\/revisions"}],"wp:featuredmedia":[{"embeddable":true,"href":"https:\/\/eterle.cz\/eshop\/wp-json\/wp\/v2\/media\/6738"}],"wp:attachment":[{"href":"https:\/\/eterle.cz\/eshop\/wp-json\/wp\/v2\/media?parent=6737"}],"wp:term":[{"taxonomy":"product_brand","embeddable":true,"href":"https:\/\/eterle.cz\/eshop\/wp-json\/wp\/v2\/product_brand?post=6737"},{"taxonomy":"product_cat","embeddable":true,"href":"https:\/\/eterle.cz\/eshop\/wp-json\/wp\/v2\/product_cat?post=6737"},{"taxonomy":"product_tag","embeddable":true,"href":"https:\/\/eterle.cz\/eshop\/wp-json\/wp\/v2\/product_tag?post=6737"}],"curies":[{"name":"wp","href":"https:\/\/api.w.org\/{rel}","templated":true}]}}