{"id":6742,"date":"2021-06-02T20:55:58","date_gmt":"2021-06-02T18:55:58","guid":{"rendered":"https:\/\/eterle.cz\/eshopprodukt\/litonova-forma-na-babovku\/"},"modified":"2025-02-16T03:05:59","modified_gmt":"2025-02-16T02:05:59","slug":"litonova-forma-na-babovku","status":"publish","type":"product","link":"https:\/\/eterle.cz\/eshop\/produkt\/litonova-forma-na-babovku\/","title":{"rendered":"Litinov\u00e1 forma na b\u00e1bovku"},"content":{"rendered":"<p>Byteln\u00e1 litinov\u00e1 forma na b\u00e1bovku bude kr\u00e1snou dekorac\u00ed na chalup\u011b, \u010di poslou\u017e\u00ed kucha\u0159ce jako stylov\u00e1 \u010dinka, bude-li pot\u0159ebovat shodit p\u00e1r kil po v\u0161ech jej\u00edch dobrot\u00e1ch.<\/p>\n<p>Stav: bez prasklin, ale je vid\u011bt, \u017ee se v n\u00ed hodn\u011b peklo<br \/>\nRozm\u011br:<br \/>\nPr\u016fm\u011br: 26 cm<br \/>\nV\u00fd\u0161ka: 12 cm<\/p>\n","protected":false},"excerpt":{"rendered":"<p>Byteln\u00e1 litinov\u00e1 forma na b\u00e1bovku bude kr\u00e1snou dekorac\u00ed na chalup\u011b, \u010di poslou\u017e\u00ed kucha\u0159ce jako stylov\u00e1 \u010dinka, bude-li pot\u0159ebovat shodit p\u00e1r<\/p>\n","protected":false},"featured_media":6743,"template":"","meta":[],"product_brand":[153],"product_cat":[91],"product_tag":[],"class_list":{"0":"post-6742","1":"product","2":"type-product","3":"status-publish","4":"has-post-thumbnail","6":"product_brand-eterle-cz","7":"product_cat-prodane","9":"first","10":"outofstock","11":"purchasable","12":"product-type-simple"},"_links":{"self":[{"href":"https:\/\/eterle.cz\/eshop\/wp-json\/wp\/v2\/product\/6742","targetHints":{"allow":["GET"]}}],"collection":[{"href":"https:\/\/eterle.cz\/eshop\/wp-json\/wp\/v2\/product"}],"about":[{"href":"https:\/\/eterle.cz\/eshop\/wp-json\/wp\/v2\/types\/product"}],"version-history":[{"count":0,"href":"https:\/\/eterle.cz\/eshop\/wp-json\/wp\/v2\/product\/6742\/revisions"}],"wp:featuredmedia":[{"embeddable":true,"href":"https:\/\/eterle.cz\/eshop\/wp-json\/wp\/v2\/media\/6743"}],"wp:attachment":[{"href":"https:\/\/eterle.cz\/eshop\/wp-json\/wp\/v2\/media?parent=6742"}],"wp:term":[{"taxonomy":"product_brand","embeddable":true,"href":"https:\/\/eterle.cz\/eshop\/wp-json\/wp\/v2\/product_brand?post=6742"},{"taxonomy":"product_cat","embeddable":true,"href":"https:\/\/eterle.cz\/eshop\/wp-json\/wp\/v2\/product_cat?post=6742"},{"taxonomy":"product_tag","embeddable":true,"href":"https:\/\/eterle.cz\/eshop\/wp-json\/wp\/v2\/product_tag?post=6742"}],"curies":[{"name":"wp","href":"https:\/\/api.w.org\/{rel}","templated":true}]}}