{"id":6746,"date":"2021-06-02T20:56:05","date_gmt":"2021-06-02T18:56:05","guid":{"rendered":"https:\/\/eterle.cz\/eshopprodukt\/stary-slehac\/"},"modified":"2025-02-16T03:05:59","modified_gmt":"2025-02-16T02:05:59","slug":"stary-slehac","status":"publish","type":"product","link":"https:\/\/eterle.cz\/eshop\/produkt\/stary-slehac\/","title":{"rendered":"Star\u00fd \u0161leha\u010d"},"content":{"rendered":"<p>Funk\u010dn\u00ed kuchy\u0148sk\u00fd \u0161leha\u010d poslou\u017e\u00ed jako kr\u00e1sn\u00e1 dekorace nebo jako nouzov\u00e9 \u0159e\u0161en\u00ed, kdy\u017e na chalup\u011b dostanete chu\u0165 na jahody se \u0161leha\u010dkou.<\/p>\n<p>Zna\u010dka:<br \/>\nStav: p\u016fvodn\u00ed stav s patinou<br \/>\nRozm\u011br:<br \/>\nD\u00e9lka: 31 cm<\/p>\n","protected":false},"excerpt":{"rendered":"<p>Funk\u010dn\u00ed kuchy\u0148sk\u00fd \u0161leha\u010d poslou\u017e\u00ed jako kr\u00e1sn\u00e1 dekorace nebo jako nouzov\u00e9 \u0159e\u0161en\u00ed, kdy\u017e na chalup\u011b dostanete chu\u0165 na jahody se \u0161leha\u010dkou.<\/p>\n","protected":false},"featured_media":6747,"template":"","meta":[],"product_brand":[153],"product_cat":[91],"product_tag":[],"class_list":{"0":"post-6746","1":"product","2":"type-product","3":"status-publish","4":"has-post-thumbnail","6":"product_brand-eterle-cz","7":"product_cat-prodane","9":"first","10":"outofstock","11":"purchasable","12":"product-type-simple"},"_links":{"self":[{"href":"https:\/\/eterle.cz\/eshop\/wp-json\/wp\/v2\/product\/6746","targetHints":{"allow":["GET"]}}],"collection":[{"href":"https:\/\/eterle.cz\/eshop\/wp-json\/wp\/v2\/product"}],"about":[{"href":"https:\/\/eterle.cz\/eshop\/wp-json\/wp\/v2\/types\/product"}],"version-history":[{"count":0,"href":"https:\/\/eterle.cz\/eshop\/wp-json\/wp\/v2\/product\/6746\/revisions"}],"wp:featuredmedia":[{"embeddable":true,"href":"https:\/\/eterle.cz\/eshop\/wp-json\/wp\/v2\/media\/6747"}],"wp:attachment":[{"href":"https:\/\/eterle.cz\/eshop\/wp-json\/wp\/v2\/media?parent=6746"}],"wp:term":[{"taxonomy":"product_brand","embeddable":true,"href":"https:\/\/eterle.cz\/eshop\/wp-json\/wp\/v2\/product_brand?post=6746"},{"taxonomy":"product_cat","embeddable":true,"href":"https:\/\/eterle.cz\/eshop\/wp-json\/wp\/v2\/product_cat?post=6746"},{"taxonomy":"product_tag","embeddable":true,"href":"https:\/\/eterle.cz\/eshop\/wp-json\/wp\/v2\/product_tag?post=6746"}],"curies":[{"name":"wp","href":"https:\/\/api.w.org\/{rel}","templated":true}]}}