{"id":6759,"date":"2021-06-02T20:56:21","date_gmt":"2021-06-02T18:56:21","guid":{"rendered":"https:\/\/eterle.cz\/eshopprodukt\/stojan-na-noviny\/"},"modified":"2025-02-16T03:05:58","modified_gmt":"2025-02-16T02:05:58","slug":"stojan-na-noviny","status":"publish","type":"product","link":"https:\/\/eterle.cz\/eshop\/produkt\/stojan-na-noviny\/","title":{"rendered":"Stojan na noviny"},"content":{"rendered":"<p>Nechcete, aby se v\u00e1m doma v\u00e1lely \u010dasopisy po stolech? Pak pro v\u00e1s stojan na noviny bude dobrou volbou. Nejen \u017ee dop\u0159ejete tiskovin\u00e1m pat\u0159i\u010dn\u00e9 m\u00edsto, ale je\u0161t\u011b budete m\u00edt hezk\u00fd dopln\u011bk do bytu. Stojan je vyroben v kombinaci kovu a p\u0159\u00edrodn\u00edho v\u00fdpletu.<\/p>\n<p>Stav: zachoval\u00fd vintage s patinou<br \/>\nRozm\u011br<br \/>\n\u0160\u00ed\u0159ka: 42,5 cm<br \/>\nHloubka:10 cm<br \/>\nV\u00fd\u0161ka: 48,5  cm<\/p>\n","protected":false},"excerpt":{"rendered":"<p>Nechcete, aby se v\u00e1m doma v\u00e1lely \u010dasopisy po stolech? Pak pro v\u00e1s stojan na noviny bude dobrou volbou. Nejen \u017ee<\/p>\n","protected":false},"featured_media":6760,"template":"","meta":[],"product_brand":[153],"product_cat":[91],"product_tag":[],"class_list":{"0":"post-6759","1":"product","2":"type-product","3":"status-publish","4":"has-post-thumbnail","6":"product_brand-eterle-cz","7":"product_cat-prodane","9":"first","10":"outofstock","11":"purchasable","12":"product-type-simple"},"_links":{"self":[{"href":"https:\/\/eterle.cz\/eshop\/wp-json\/wp\/v2\/product\/6759","targetHints":{"allow":["GET"]}}],"collection":[{"href":"https:\/\/eterle.cz\/eshop\/wp-json\/wp\/v2\/product"}],"about":[{"href":"https:\/\/eterle.cz\/eshop\/wp-json\/wp\/v2\/types\/product"}],"version-history":[{"count":0,"href":"https:\/\/eterle.cz\/eshop\/wp-json\/wp\/v2\/product\/6759\/revisions"}],"wp:featuredmedia":[{"embeddable":true,"href":"https:\/\/eterle.cz\/eshop\/wp-json\/wp\/v2\/media\/6760"}],"wp:attachment":[{"href":"https:\/\/eterle.cz\/eshop\/wp-json\/wp\/v2\/media?parent=6759"}],"wp:term":[{"taxonomy":"product_brand","embeddable":true,"href":"https:\/\/eterle.cz\/eshop\/wp-json\/wp\/v2\/product_brand?post=6759"},{"taxonomy":"product_cat","embeddable":true,"href":"https:\/\/eterle.cz\/eshop\/wp-json\/wp\/v2\/product_cat?post=6759"},{"taxonomy":"product_tag","embeddable":true,"href":"https:\/\/eterle.cz\/eshop\/wp-json\/wp\/v2\/product_tag?post=6759"}],"curies":[{"name":"wp","href":"https:\/\/api.w.org\/{rel}","templated":true}]}}