{"id":6766,"date":"2021-06-02T20:56:31","date_gmt":"2021-06-02T18:56:31","guid":{"rendered":"https:\/\/eterle.cz\/eshopprodukt\/sevcovske-kopyto\/"},"modified":"2025-06-24T01:51:55","modified_gmt":"2025-06-23T23:51:55","slug":"sevcovske-kopyto","status":"publish","type":"product","link":"https:\/\/eterle.cz\/eshop\/produkt\/sevcovske-kopyto\/","title":{"rendered":"\u0160evcovsk\u00e9 kopyto"},"content":{"rendered":"<p>Jelito, kopyto, plat\u00edto&#8230;.je \u0159\u00edkadlo, kter\u00e9 se n\u00e1m ihned vybav\u00ed. Poslou\u017e\u00ed jako hezk\u00e1 dekroace do chodby nebo na z\u00e1pra\u017e\u00ed na chalupu.<\/p>\n<p>Stav: rezav\u00fd, p\u0159ed renovac\u00ed<br \/>\nRozm\u011br:<br \/>\nMax. v\u00fd\u0161ka: 17 cm<br \/>\nD\u00e9lka ramen: 18 cm, 17 a 17 cm<\/p>\n","protected":false},"excerpt":{"rendered":"<p>Jelito, kopyto, plat\u00edto&#8230;.je \u0159\u00edkadlo, kter\u00e9 se n\u00e1m ihned vybav\u00ed. Poslou\u017e\u00ed jako hezk\u00e1 dekroace do chodby nebo na z\u00e1pra\u017e\u00ed na chalupu.<\/p>\n","protected":false},"featured_media":6767,"template":"","meta":[],"product_brand":[153],"product_cat":[80,137],"product_tag":[],"class_list":{"0":"post-6766","1":"product","2":"type-product","3":"status-publish","4":"has-post-thumbnail","6":"product_brand-eterle-cz","7":"product_cat-dekorace","8":"product_cat-ostatni-dekorace","9":"product_shipping_class-nadrozmerne","11":"first","12":"instock","13":"purchasable","14":"product-type-simple"},"_links":{"self":[{"href":"https:\/\/eterle.cz\/eshop\/wp-json\/wp\/v2\/product\/6766","targetHints":{"allow":["GET"]}}],"collection":[{"href":"https:\/\/eterle.cz\/eshop\/wp-json\/wp\/v2\/product"}],"about":[{"href":"https:\/\/eterle.cz\/eshop\/wp-json\/wp\/v2\/types\/product"}],"version-history":[{"count":1,"href":"https:\/\/eterle.cz\/eshop\/wp-json\/wp\/v2\/product\/6766\/revisions"}],"predecessor-version":[{"id":26127,"href":"https:\/\/eterle.cz\/eshop\/wp-json\/wp\/v2\/product\/6766\/revisions\/26127"}],"wp:featuredmedia":[{"embeddable":true,"href":"https:\/\/eterle.cz\/eshop\/wp-json\/wp\/v2\/media\/6767"}],"wp:attachment":[{"href":"https:\/\/eterle.cz\/eshop\/wp-json\/wp\/v2\/media?parent=6766"}],"wp:term":[{"taxonomy":"product_brand","embeddable":true,"href":"https:\/\/eterle.cz\/eshop\/wp-json\/wp\/v2\/product_brand?post=6766"},{"taxonomy":"product_cat","embeddable":true,"href":"https:\/\/eterle.cz\/eshop\/wp-json\/wp\/v2\/product_cat?post=6766"},{"taxonomy":"product_tag","embeddable":true,"href":"https:\/\/eterle.cz\/eshop\/wp-json\/wp\/v2\/product_tag?post=6766"}],"curies":[{"name":"wp","href":"https:\/\/api.w.org\/{rel}","templated":true}]}}