{"id":6771,"date":"2021-06-02T20:56:39","date_gmt":"2021-06-02T18:56:39","guid":{"rendered":"https:\/\/eterle.cz\/eshopprodukt\/drzak-na-rucniky\/"},"modified":"2025-02-16T03:05:57","modified_gmt":"2025-02-16T02:05:57","slug":"drzak-na-rucniky","status":"publish","type":"product","link":"https:\/\/eterle.cz\/eshop\/produkt\/drzak-na-rucniky\/","title":{"rendered":"Dr\u017e\u00e1k na ru\u010dn\u00edky"},"content":{"rendered":"<p>Praktick\u00fd retro dr\u017e\u00e1k na ut\u011brky \u010di ru\u010dn\u00edky se  t\u0159emi oto\u010dn\u00fdmi rameny.<\/p>\n<p>Stav: v dobr\u00e9m stavu<br \/>\nRozm\u011br:<br \/>\nD\u00e9lka ty\u010d\u00ed: 47 cm<\/p>\n","protected":false},"excerpt":{"rendered":"<p>Praktick\u00fd retro dr\u017e\u00e1k na ut\u011brky \u010di ru\u010dn\u00edky se t\u0159emi oto\u010dn\u00fdmi rameny. Stav: v dobr\u00e9m stavu Rozm\u011br: D\u00e9lka ty\u010d\u00ed: 47 cm<\/p>\n","protected":false},"featured_media":6772,"template":"","meta":[],"product_brand":[153],"product_cat":[91],"product_tag":[],"class_list":{"0":"post-6771","1":"product","2":"type-product","3":"status-publish","4":"has-post-thumbnail","6":"product_brand-eterle-cz","7":"product_cat-prodane","9":"first","10":"outofstock","11":"purchasable","12":"product-type-simple"},"_links":{"self":[{"href":"https:\/\/eterle.cz\/eshop\/wp-json\/wp\/v2\/product\/6771","targetHints":{"allow":["GET"]}}],"collection":[{"href":"https:\/\/eterle.cz\/eshop\/wp-json\/wp\/v2\/product"}],"about":[{"href":"https:\/\/eterle.cz\/eshop\/wp-json\/wp\/v2\/types\/product"}],"version-history":[{"count":0,"href":"https:\/\/eterle.cz\/eshop\/wp-json\/wp\/v2\/product\/6771\/revisions"}],"wp:featuredmedia":[{"embeddable":true,"href":"https:\/\/eterle.cz\/eshop\/wp-json\/wp\/v2\/media\/6772"}],"wp:attachment":[{"href":"https:\/\/eterle.cz\/eshop\/wp-json\/wp\/v2\/media?parent=6771"}],"wp:term":[{"taxonomy":"product_brand","embeddable":true,"href":"https:\/\/eterle.cz\/eshop\/wp-json\/wp\/v2\/product_brand?post=6771"},{"taxonomy":"product_cat","embeddable":true,"href":"https:\/\/eterle.cz\/eshop\/wp-json\/wp\/v2\/product_cat?post=6771"},{"taxonomy":"product_tag","embeddable":true,"href":"https:\/\/eterle.cz\/eshop\/wp-json\/wp\/v2\/product_tag?post=6771"}],"curies":[{"name":"wp","href":"https:\/\/api.w.org\/{rel}","templated":true}]}}