{"id":6776,"date":"2021-06-02T20:56:45","date_gmt":"2021-06-02T18:56:45","guid":{"rendered":"https:\/\/eterle.cz\/eshopprodukt\/funkcionalisticky-vesak\/"},"modified":"2025-02-16T03:05:57","modified_gmt":"2025-02-16T02:05:57","slug":"funkcionalisticky-vesak","status":"publish","type":"product","link":"https:\/\/eterle.cz\/eshop\/produkt\/funkcionalisticky-vesak\/","title":{"rendered":"Funkcionalistick\u00fd v\u011b\u0161\u00e1k"},"content":{"rendered":"<p>Funkcionalistick\u00fd n\u00e1st\u011bnn\u00fd chromov\u00fd  trubkov\u00fd v\u011b\u0161\u00e1k. Tolik p\u0159\u00eddavn\u00fdch jmen pro jeden p\u0159edm\u011bt&#8230;Vystihuj\u00ed ale v\u0161e, snad jen chyb\u00ed dodat &#8222;kr\u00e1sn\u00fd&#8220;.<\/p>\n<p>Stav: nov\u011b vyle\u0161t\u011bn\u00fd, ale m\u00edsty je st\u00e1le z\u0159eteln\u00e1 patina<br \/>\nRozm\u011br:<br \/>\n\u0160\u00ed\u0159ka: 49 cm<br \/>\nHloubka: 31 cm<br \/>\nV\u00fd\u0161ka: 16,5 cm<\/p>\n","protected":false},"excerpt":{"rendered":"<p>Funkcionalistick\u00fd n\u00e1st\u011bnn\u00fd chromov\u00fd trubkov\u00fd v\u011b\u0161\u00e1k. Tolik p\u0159\u00eddavn\u00fdch jmen pro jeden p\u0159edm\u011bt&#8230;Vystihuj\u00ed ale v\u0161e, snad jen chyb\u00ed dodat &#8222;kr\u00e1sn\u00fd&#8220;. Stav: nov\u011b<\/p>\n","protected":false},"featured_media":6777,"template":"","meta":[],"product_brand":[153],"product_cat":[91],"product_tag":[],"class_list":{"0":"post-6776","1":"product","2":"type-product","3":"status-publish","4":"has-post-thumbnail","6":"product_brand-eterle-cz","7":"product_cat-prodane","9":"first","10":"outofstock","11":"purchasable","12":"product-type-simple"},"_links":{"self":[{"href":"https:\/\/eterle.cz\/eshop\/wp-json\/wp\/v2\/product\/6776","targetHints":{"allow":["GET"]}}],"collection":[{"href":"https:\/\/eterle.cz\/eshop\/wp-json\/wp\/v2\/product"}],"about":[{"href":"https:\/\/eterle.cz\/eshop\/wp-json\/wp\/v2\/types\/product"}],"version-history":[{"count":1,"href":"https:\/\/eterle.cz\/eshop\/wp-json\/wp\/v2\/product\/6776\/revisions"}],"predecessor-version":[{"id":16227,"href":"https:\/\/eterle.cz\/eshop\/wp-json\/wp\/v2\/product\/6776\/revisions\/16227"}],"wp:featuredmedia":[{"embeddable":true,"href":"https:\/\/eterle.cz\/eshop\/wp-json\/wp\/v2\/media\/6777"}],"wp:attachment":[{"href":"https:\/\/eterle.cz\/eshop\/wp-json\/wp\/v2\/media?parent=6776"}],"wp:term":[{"taxonomy":"product_brand","embeddable":true,"href":"https:\/\/eterle.cz\/eshop\/wp-json\/wp\/v2\/product_brand?post=6776"},{"taxonomy":"product_cat","embeddable":true,"href":"https:\/\/eterle.cz\/eshop\/wp-json\/wp\/v2\/product_cat?post=6776"},{"taxonomy":"product_tag","embeddable":true,"href":"https:\/\/eterle.cz\/eshop\/wp-json\/wp\/v2\/product_tag?post=6776"}],"curies":[{"name":"wp","href":"https:\/\/api.w.org\/{rel}","templated":true}]}}