{"id":6781,"date":"2021-06-02T20:56:51","date_gmt":"2021-06-02T18:56:51","guid":{"rendered":"https:\/\/eterle.cz\/eshopprodukt\/stul-s-opaxitovym-sklem\/"},"modified":"2025-02-16T03:05:57","modified_gmt":"2025-02-16T02:05:57","slug":"stul-s-opaxitovym-sklem","status":"publish","type":"product","link":"https:\/\/eterle.cz\/eshop\/produkt\/stul-s-opaxitovym-sklem\/","title":{"rendered":"St\u016fl s opaxitov\u00fdm sklem"},"content":{"rendered":"<p>Konferen\u010dn\u00ed stolek z 60. let 20. stolet\u00ed, kter\u00fd je posledn\u00ed dobou velmi obl\u00edben\u00fd a st\u00e1le stoup\u00e1 na cen\u011b. Byl vyroben\u00fd v podniku Interier Praha podle n\u00e1vrhu Ji\u0159\u00edho Jiroutka a d\u011blal se ve dvou variantach &#8211; s b\u00edlou nebo \u010dernou sklen\u011bnou opaxitovou deskou. Podno\u017e\u00ed stolu je z masivn\u00edho bukov\u00e9ho d\u0159eva. Sklen\u011bn\u00e1 deska je vyjimateln\u00e1, tak\u017ee opatrn\u011b p\u0159i manipulaci, a\u0165 v\u00e1m nevypadne.<\/p>\n<p>Stav: p\u016fvodn\u00ed zachoval\u00fd stav; sklo v po\u0159\u00e1dku, neo\u0161t\u00edpan\u00e9<br \/>\nRozm\u011br:<br \/>\nD\u00e9lka: 120 cm<br \/>\n\u0160\u00ed\u0159ka: 55 cm<br \/>\nV\u00fd\u0161ka: 60 cm<\/p>\n","protected":false},"excerpt":{"rendered":"<p>Konferen\u010dn\u00ed stolek z 60. let 20. stolet\u00ed, kter\u00fd je posledn\u00ed dobou velmi obl\u00edben\u00fd a st\u00e1le stoup\u00e1 na cen\u011b. Byl vyroben\u00fd<\/p>\n","protected":false},"featured_media":6782,"template":"","meta":[],"product_brand":[153],"product_cat":[91],"product_tag":[],"class_list":{"0":"post-6781","1":"product","2":"type-product","3":"status-publish","4":"has-post-thumbnail","6":"product_brand-eterle-cz","7":"product_cat-prodane","8":"product_shipping_class-nadrozmerne","10":"first","11":"outofstock","12":"purchasable","13":"product-type-simple"},"_links":{"self":[{"href":"https:\/\/eterle.cz\/eshop\/wp-json\/wp\/v2\/product\/6781","targetHints":{"allow":["GET"]}}],"collection":[{"href":"https:\/\/eterle.cz\/eshop\/wp-json\/wp\/v2\/product"}],"about":[{"href":"https:\/\/eterle.cz\/eshop\/wp-json\/wp\/v2\/types\/product"}],"version-history":[{"count":0,"href":"https:\/\/eterle.cz\/eshop\/wp-json\/wp\/v2\/product\/6781\/revisions"}],"wp:featuredmedia":[{"embeddable":true,"href":"https:\/\/eterle.cz\/eshop\/wp-json\/wp\/v2\/media\/6782"}],"wp:attachment":[{"href":"https:\/\/eterle.cz\/eshop\/wp-json\/wp\/v2\/media?parent=6781"}],"wp:term":[{"taxonomy":"product_brand","embeddable":true,"href":"https:\/\/eterle.cz\/eshop\/wp-json\/wp\/v2\/product_brand?post=6781"},{"taxonomy":"product_cat","embeddable":true,"href":"https:\/\/eterle.cz\/eshop\/wp-json\/wp\/v2\/product_cat?post=6781"},{"taxonomy":"product_tag","embeddable":true,"href":"https:\/\/eterle.cz\/eshop\/wp-json\/wp\/v2\/product_tag?post=6781"}],"curies":[{"name":"wp","href":"https:\/\/api.w.org\/{rel}","templated":true}]}}