{"id":6801,"date":"2021-06-02T20:57:25","date_gmt":"2021-06-02T18:57:25","guid":{"rendered":"https:\/\/eterle.cz\/eshopprodukt\/brousena-misa\/"},"modified":"2025-02-16T03:05:56","modified_gmt":"2025-02-16T02:05:56","slug":"brousena-misa","status":"publish","type":"product","link":"https:\/\/eterle.cz\/eshop\/produkt\/brousena-misa\/","title":{"rendered":"Brou\u0161en\u00e1 m\u00edsa"},"content":{"rendered":"<p>Brou\u0161en\u00e1 m\u00edsa s nejn\u00e1ro\u010dn\u011bj\u0161\u00edm diamantov\u00fdm brusem. Brou\u0161en\u00e9 sklo bylo del\u0161\u00ed dobu opom\u00edjeno, ale op\u011bt se vrac\u00ed do m\u00f3dy. Obl\u00edben\u00e9 je u Japonc\u016f a Ameri\u010dan\u016f, kte\u0159\u00ed ho u n\u00e1s nakupuj\u00ed ve velk\u00e9m.<\/p>\n<p>Stav: perfektn\u00ed, pouze nepatrn\u00e9 \u0161kr\u00e1bance na dn\u011b<br \/>\nRozm\u011br:<br \/>\nV\u00fd\u0161ka: 9,5 cm<br \/>\nHorn\u00ed rozm\u011br: 30 x 18 cm<br \/>\nSpodn\u00ed rozm\u011br: 18 x 10 cm<\/p>\n","protected":false},"excerpt":{"rendered":"<p>Brou\u0161en\u00e1 m\u00edsa s nejn\u00e1ro\u010dn\u011bj\u0161\u00edm diamantov\u00fdm brusem. Brou\u0161en\u00e9 sklo bylo del\u0161\u00ed dobu opom\u00edjeno, ale op\u011bt se vrac\u00ed do m\u00f3dy. Obl\u00edben\u00e9 je<\/p>\n","protected":false},"featured_media":6802,"template":"","meta":[],"product_brand":[153],"product_cat":[91],"product_tag":[],"class_list":{"0":"post-6801","1":"product","2":"type-product","3":"status-publish","4":"has-post-thumbnail","6":"product_brand-eterle-cz","7":"product_cat-prodane","9":"first","10":"outofstock","11":"purchasable","12":"product-type-simple"},"_links":{"self":[{"href":"https:\/\/eterle.cz\/eshop\/wp-json\/wp\/v2\/product\/6801","targetHints":{"allow":["GET"]}}],"collection":[{"href":"https:\/\/eterle.cz\/eshop\/wp-json\/wp\/v2\/product"}],"about":[{"href":"https:\/\/eterle.cz\/eshop\/wp-json\/wp\/v2\/types\/product"}],"version-history":[{"count":0,"href":"https:\/\/eterle.cz\/eshop\/wp-json\/wp\/v2\/product\/6801\/revisions"}],"wp:featuredmedia":[{"embeddable":true,"href":"https:\/\/eterle.cz\/eshop\/wp-json\/wp\/v2\/media\/6802"}],"wp:attachment":[{"href":"https:\/\/eterle.cz\/eshop\/wp-json\/wp\/v2\/media?parent=6801"}],"wp:term":[{"taxonomy":"product_brand","embeddable":true,"href":"https:\/\/eterle.cz\/eshop\/wp-json\/wp\/v2\/product_brand?post=6801"},{"taxonomy":"product_cat","embeddable":true,"href":"https:\/\/eterle.cz\/eshop\/wp-json\/wp\/v2\/product_cat?post=6801"},{"taxonomy":"product_tag","embeddable":true,"href":"https:\/\/eterle.cz\/eshop\/wp-json\/wp\/v2\/product_tag?post=6801"}],"curies":[{"name":"wp","href":"https:\/\/api.w.org\/{rel}","templated":true}]}}