{"id":6805,"date":"2021-06-02T20:57:31","date_gmt":"2021-06-02T18:57:31","guid":{"rendered":"https:\/\/eterle.cz\/eshopprodukt\/sklenicka-na-konak\/"},"modified":"2025-02-16T03:05:56","modified_gmt":"2025-02-16T02:05:56","slug":"sklenicka-na-konak","status":"publish","type":"product","link":"https:\/\/eterle.cz\/eshop\/produkt\/sklenicka-na-konak\/","title":{"rendered":"Skleni\u010dka na ko\u0148ak"},"content":{"rendered":"<p>Tenk\u00e1 skleni\u010dka na ko\u0148ak v neobvykl\u00e9 \u0161edo-midr\u00e9 barv\u011b ze zanikl\u00e9 skl\u00e1rny v severn\u00edch \u010cechach.<\/p>\n<p>Stav: perfektn\u00ed<br \/>\nRozm\u011br:<br \/>\nV\u00fd\u0161ka: 16 cm<br \/>\nPr\u016fm\u011br: 6,5 cm<br \/>\nObjem: 500 ml<\/p>\n","protected":false},"excerpt":{"rendered":"<p>Tenk\u00e1 skleni\u010dka na ko\u0148ak v neobvykl\u00e9 \u0161edo-midr\u00e9 barv\u011b ze zanikl\u00e9 skl\u00e1rny v severn\u00edch \u010cechach. Stav: perfektn\u00ed Rozm\u011br: V\u00fd\u0161ka: 16 cm<\/p>\n","protected":false},"featured_media":6806,"template":"","meta":[],"product_brand":[153],"product_cat":[91],"product_tag":[],"class_list":{"0":"post-6805","1":"product","2":"type-product","3":"status-publish","4":"has-post-thumbnail","6":"product_brand-eterle-cz","7":"product_cat-prodane","9":"first","10":"outofstock","11":"purchasable","12":"product-type-simple"},"_links":{"self":[{"href":"https:\/\/eterle.cz\/eshop\/wp-json\/wp\/v2\/product\/6805","targetHints":{"allow":["GET"]}}],"collection":[{"href":"https:\/\/eterle.cz\/eshop\/wp-json\/wp\/v2\/product"}],"about":[{"href":"https:\/\/eterle.cz\/eshop\/wp-json\/wp\/v2\/types\/product"}],"version-history":[{"count":0,"href":"https:\/\/eterle.cz\/eshop\/wp-json\/wp\/v2\/product\/6805\/revisions"}],"wp:featuredmedia":[{"embeddable":true,"href":"https:\/\/eterle.cz\/eshop\/wp-json\/wp\/v2\/media\/6806"}],"wp:attachment":[{"href":"https:\/\/eterle.cz\/eshop\/wp-json\/wp\/v2\/media?parent=6805"}],"wp:term":[{"taxonomy":"product_brand","embeddable":true,"href":"https:\/\/eterle.cz\/eshop\/wp-json\/wp\/v2\/product_brand?post=6805"},{"taxonomy":"product_cat","embeddable":true,"href":"https:\/\/eterle.cz\/eshop\/wp-json\/wp\/v2\/product_cat?post=6805"},{"taxonomy":"product_tag","embeddable":true,"href":"https:\/\/eterle.cz\/eshop\/wp-json\/wp\/v2\/product_tag?post=6805"}],"curies":[{"name":"wp","href":"https:\/\/api.w.org\/{rel}","templated":true}]}}