{"id":6808,"date":"2021-06-02T20:57:35","date_gmt":"2021-06-02T18:57:35","guid":{"rendered":"https:\/\/eterle.cz\/eshopprodukt\/starozitna-sklenice-egermann\/"},"modified":"2025-02-16T03:05:55","modified_gmt":"2025-02-16T02:05:55","slug":"starozitna-sklenice-egermann","status":"publish","type":"product","link":"https:\/\/eterle.cz\/eshop\/produkt\/starozitna-sklenice-egermann\/","title":{"rendered":"Staro\u017eitn\u00e1 sklenice \/ Egermann"},"content":{"rendered":"<p>Sklenice Egermann s \u0159ezan\u00fdm loveck\u00fdm motivem. Vyroben\u00e1 p\u0159ibli\u017en\u011b v roce 1900. Tyto sklenice se d\u00e1valy nejlep\u0161\u00edmu st\u0159elci p\u0159i slavnostn\u00edm zakon\u010den\u00ed honu.<\/p>\n<p>Stav: drobn\u00e9 \u0161kr\u00e1bance na dn\u011b jinak perfektn\u00ed<br \/>\nRozm\u011br:<br \/>\nV\u00fd\u0161ka: 20 cm<br \/>\nPr\u016fm\u011br: 8,5 cm<br \/>\nObjem: 500 ml<\/p>\n","protected":false},"excerpt":{"rendered":"<p>Sklenice Egermann s \u0159ezan\u00fdm loveck\u00fdm motivem. Vyroben\u00e1 p\u0159ibli\u017en\u011b v roce 1900. Tyto sklenice se d\u00e1valy nejlep\u0161\u00edmu st\u0159elci p\u0159i slavnostn\u00edm zakon\u010den\u00ed<\/p>\n","protected":false},"featured_media":6809,"template":"","meta":[],"product_brand":[153],"product_cat":[91],"product_tag":[],"class_list":{"0":"post-6808","1":"product","2":"type-product","3":"status-publish","4":"has-post-thumbnail","6":"product_brand-eterle-cz","7":"product_cat-prodane","9":"first","10":"outofstock","11":"purchasable","12":"product-type-simple"},"_links":{"self":[{"href":"https:\/\/eterle.cz\/eshop\/wp-json\/wp\/v2\/product\/6808","targetHints":{"allow":["GET"]}}],"collection":[{"href":"https:\/\/eterle.cz\/eshop\/wp-json\/wp\/v2\/product"}],"about":[{"href":"https:\/\/eterle.cz\/eshop\/wp-json\/wp\/v2\/types\/product"}],"version-history":[{"count":0,"href":"https:\/\/eterle.cz\/eshop\/wp-json\/wp\/v2\/product\/6808\/revisions"}],"wp:featuredmedia":[{"embeddable":true,"href":"https:\/\/eterle.cz\/eshop\/wp-json\/wp\/v2\/media\/6809"}],"wp:attachment":[{"href":"https:\/\/eterle.cz\/eshop\/wp-json\/wp\/v2\/media?parent=6808"}],"wp:term":[{"taxonomy":"product_brand","embeddable":true,"href":"https:\/\/eterle.cz\/eshop\/wp-json\/wp\/v2\/product_brand?post=6808"},{"taxonomy":"product_cat","embeddable":true,"href":"https:\/\/eterle.cz\/eshop\/wp-json\/wp\/v2\/product_cat?post=6808"},{"taxonomy":"product_tag","embeddable":true,"href":"https:\/\/eterle.cz\/eshop\/wp-json\/wp\/v2\/product_tag?post=6808"}],"curies":[{"name":"wp","href":"https:\/\/api.w.org\/{rel}","templated":true}]}}