{"id":6815,"date":"2021-06-02T20:57:47","date_gmt":"2021-06-02T18:57:47","guid":{"rendered":"https:\/\/eterle.cz\/eshopprodukt\/sklenena-misa-lotos-mala-vaclav-zajic\/"},"modified":"2026-03-16T18:47:07","modified_gmt":"2026-03-16T17:47:07","slug":"sklenena-misa-lotos-mala-vaclav-zajic","status":"publish","type":"product","link":"https:\/\/eterle.cz\/eshop\/produkt\/sklenena-misa-lotos-mala-vaclav-zajic\/","title":{"rendered":"Sklen\u011bn\u00e1 m\u00edsa lotos mal\u00e1 \/ V\u00e1clav Zaj\u00edc"},"content":{"rendered":"<p>Kr\u00e1sn\u00e1 m\u00edsa ve tvaru lotosov\u00e9ho kv\u011btu byla navr\u017eena designerem V\u00e1clavem Zaj\u00edcem a vyrobena v 80. letech ve skl\u00e1rn\u011b Libochovice. Zaj\u00edcovy n\u00e1vrhy vynikaly plasti\u010dnost\u00ed a matov\u00fdm povrchem, pr\u00e1v\u011b jako tato miska ze souboru Lotos. Sb\u011bratelsk\u00fd nad\u010dasov\u00fd kousek pln\u00fd elegance a symboliky. M\u00eds m\u00e1me v\u00edc, ale nejsou velikostn\u011b zcela identick\u00e9, v\u00fd\u0161ky l\u00edstk\u016f se trochu li\u0161\u00ed.<\/p>\n<p>Zna\u010dka: V\u00e1clav Zaj\u00edc, Libochovice<br \/>\nStav: perfektn\u00ed<br \/>\nRozm\u011br:<br \/>\nV\u00fd\u0161ka: 6 cm<br \/>\nPr\u016fm\u011br: 15 cm<\/p>\n","protected":false},"excerpt":{"rendered":"<p>Kr\u00e1sn\u00e1 m\u00edsa ve tvaru lotosov\u00e9ho kv\u011btu byla navr\u017eena designerem V\u00e1clavem Zaj\u00edcem a vyrobena v 80. letech ve skl\u00e1rn\u011b Libochovice. Zaj\u00edcovy<\/p>\n","protected":false},"featured_media":6816,"template":"","meta":[],"product_brand":[153],"product_cat":[75,133],"product_tag":[],"class_list":{"0":"post-6815","1":"product","2":"type-product","3":"status-publish","4":"has-post-thumbnail","6":"product_brand-eterle-cz","7":"product_cat-sklo","8":"product_cat-misy-sklo","10":"first","11":"instock","12":"purchasable","13":"product-type-simple"},"_links":{"self":[{"href":"https:\/\/eterle.cz\/eshop\/wp-json\/wp\/v2\/product\/6815","targetHints":{"allow":["GET"]}}],"collection":[{"href":"https:\/\/eterle.cz\/eshop\/wp-json\/wp\/v2\/product"}],"about":[{"href":"https:\/\/eterle.cz\/eshop\/wp-json\/wp\/v2\/types\/product"}],"version-history":[{"count":2,"href":"https:\/\/eterle.cz\/eshop\/wp-json\/wp\/v2\/product\/6815\/revisions"}],"predecessor-version":[{"id":26126,"href":"https:\/\/eterle.cz\/eshop\/wp-json\/wp\/v2\/product\/6815\/revisions\/26126"}],"wp:featuredmedia":[{"embeddable":true,"href":"https:\/\/eterle.cz\/eshop\/wp-json\/wp\/v2\/media\/6816"}],"wp:attachment":[{"href":"https:\/\/eterle.cz\/eshop\/wp-json\/wp\/v2\/media?parent=6815"}],"wp:term":[{"taxonomy":"product_brand","embeddable":true,"href":"https:\/\/eterle.cz\/eshop\/wp-json\/wp\/v2\/product_brand?post=6815"},{"taxonomy":"product_cat","embeddable":true,"href":"https:\/\/eterle.cz\/eshop\/wp-json\/wp\/v2\/product_cat?post=6815"},{"taxonomy":"product_tag","embeddable":true,"href":"https:\/\/eterle.cz\/eshop\/wp-json\/wp\/v2\/product_tag?post=6815"}],"curies":[{"name":"wp","href":"https:\/\/api.w.org\/{rel}","templated":true}]}}