{"id":6824,"date":"2021-06-02T20:58:02","date_gmt":"2021-06-02T18:58:02","guid":{"rendered":"https:\/\/eterle.cz\/eshopprodukt\/sklenicky-na-sekt\/"},"modified":"2025-02-16T03:05:54","modified_gmt":"2025-02-16T02:05:54","slug":"sklenicky-na-sekt","status":"publish","type":"product","link":"https:\/\/eterle.cz\/eshop\/produkt\/sklenicky-na-sekt\/","title":{"rendered":"Skleni\u010dky na sekt"},"content":{"rendered":"<p>Slavnostn\u00ed skleni\u010dky na sekt s decent\u00edm vyp\u00edskovan\u00fdm punt\u00edkem.<\/p>\n<p>Zna\u010dka:<br \/>\nStav: perfektn\u00ed<br \/>\nRozm\u011br:<br \/>\nV\u00fd\u0161ka: 11 cm<br \/>\nPr\u016fm\u011br: 9,5 cm<br \/>\nObjem: 160 ml<\/p>\n","protected":false},"excerpt":{"rendered":"<p>Slavnostn\u00ed skleni\u010dky na sekt s decent\u00edm vyp\u00edskovan\u00fdm punt\u00edkem. Zna\u010dka: Stav: perfektn\u00ed Rozm\u011br: V\u00fd\u0161ka: 11 cm Pr\u016fm\u011br: 9,5 cm Objem: 160<\/p>\n","protected":false},"featured_media":6825,"template":"","meta":[],"product_brand":[153],"product_cat":[91],"product_tag":[],"class_list":{"0":"post-6824","1":"product","2":"type-product","3":"status-publish","4":"has-post-thumbnail","6":"product_brand-eterle-cz","7":"product_cat-prodane","9":"first","10":"outofstock","11":"purchasable","12":"product-type-simple"},"_links":{"self":[{"href":"https:\/\/eterle.cz\/eshop\/wp-json\/wp\/v2\/product\/6824","targetHints":{"allow":["GET"]}}],"collection":[{"href":"https:\/\/eterle.cz\/eshop\/wp-json\/wp\/v2\/product"}],"about":[{"href":"https:\/\/eterle.cz\/eshop\/wp-json\/wp\/v2\/types\/product"}],"version-history":[{"count":0,"href":"https:\/\/eterle.cz\/eshop\/wp-json\/wp\/v2\/product\/6824\/revisions"}],"wp:featuredmedia":[{"embeddable":true,"href":"https:\/\/eterle.cz\/eshop\/wp-json\/wp\/v2\/media\/6825"}],"wp:attachment":[{"href":"https:\/\/eterle.cz\/eshop\/wp-json\/wp\/v2\/media?parent=6824"}],"wp:term":[{"taxonomy":"product_brand","embeddable":true,"href":"https:\/\/eterle.cz\/eshop\/wp-json\/wp\/v2\/product_brand?post=6824"},{"taxonomy":"product_cat","embeddable":true,"href":"https:\/\/eterle.cz\/eshop\/wp-json\/wp\/v2\/product_cat?post=6824"},{"taxonomy":"product_tag","embeddable":true,"href":"https:\/\/eterle.cz\/eshop\/wp-json\/wp\/v2\/product_tag?post=6824"}],"curies":[{"name":"wp","href":"https:\/\/api.w.org\/{rel}","templated":true}]}}