{"id":6833,"date":"2021-06-02T20:58:20","date_gmt":"2021-06-02T18:58:20","guid":{"rendered":"https:\/\/eterle.cz\/eshopprodukt\/sklenena-vaza-2\/"},"modified":"2025-02-16T03:05:54","modified_gmt":"2025-02-16T02:05:54","slug":"sklenena-vaza-2","status":"publish","type":"product","link":"https:\/\/eterle.cz\/eshop\/produkt\/sklenena-vaza-2\/","title":{"rendered":"Sklen\u011bn\u00e1 v\u00e1za"},"content":{"rendered":"<p>Jednoduch\u00e1 sklen\u011bn\u00e1 v\u00e1za geometrick\u00e9ho tvaru, kter\u00e1 zaujme kou\u0159ov\u011b hn\u011bd\u00fdm zbarven\u00edm. My jsme jej\u00ed jednoduchost poddtrhly vzdu\u0161nou minimalistickou kv\u011btinovou dekorac\u00ed, ale slu\u0161et to v n\u00ed bude i t\u0159eba pln\u00fdm r\u016f\u017e\u00edm v pudrov\u00e9 barv\u011b.<\/p>\n<p>Stav: perfektn\u00ed<br \/>\nRozm\u011br:<br \/>\nV\u00fd\u0161ka: 17cm<br \/>\nSpodn\u00ed pr\u016fm\u011br: 6 cm<br \/>\nHorn\u00ed pr\u016fm\u011br: 10 cm<\/p>\n","protected":false},"excerpt":{"rendered":"<p>Jednoduch\u00e1 sklen\u011bn\u00e1 v\u00e1za geometrick\u00e9ho tvaru, kter\u00e1 zaujme kou\u0159ov\u011b hn\u011bd\u00fdm zbarven\u00edm. My jsme jej\u00ed jednoduchost poddtrhly vzdu\u0161nou minimalistickou kv\u011btinovou dekorac\u00ed, ale<\/p>\n","protected":false},"featured_media":6834,"template":"","meta":[],"product_brand":[153],"product_cat":[91],"product_tag":[],"class_list":{"0":"post-6833","1":"product","2":"type-product","3":"status-publish","4":"has-post-thumbnail","6":"product_brand-eterle-cz","7":"product_cat-prodane","9":"first","10":"outofstock","11":"purchasable","12":"product-type-simple"},"_links":{"self":[{"href":"https:\/\/eterle.cz\/eshop\/wp-json\/wp\/v2\/product\/6833","targetHints":{"allow":["GET"]}}],"collection":[{"href":"https:\/\/eterle.cz\/eshop\/wp-json\/wp\/v2\/product"}],"about":[{"href":"https:\/\/eterle.cz\/eshop\/wp-json\/wp\/v2\/types\/product"}],"version-history":[{"count":0,"href":"https:\/\/eterle.cz\/eshop\/wp-json\/wp\/v2\/product\/6833\/revisions"}],"wp:featuredmedia":[{"embeddable":true,"href":"https:\/\/eterle.cz\/eshop\/wp-json\/wp\/v2\/media\/6834"}],"wp:attachment":[{"href":"https:\/\/eterle.cz\/eshop\/wp-json\/wp\/v2\/media?parent=6833"}],"wp:term":[{"taxonomy":"product_brand","embeddable":true,"href":"https:\/\/eterle.cz\/eshop\/wp-json\/wp\/v2\/product_brand?post=6833"},{"taxonomy":"product_cat","embeddable":true,"href":"https:\/\/eterle.cz\/eshop\/wp-json\/wp\/v2\/product_cat?post=6833"},{"taxonomy":"product_tag","embeddable":true,"href":"https:\/\/eterle.cz\/eshop\/wp-json\/wp\/v2\/product_tag?post=6833"}],"curies":[{"name":"wp","href":"https:\/\/api.w.org\/{rel}","templated":true}]}}