{"id":6837,"date":"2021-06-02T20:58:26","date_gmt":"2021-06-02T18:58:26","guid":{"rendered":"https:\/\/eterle.cz\/eshopprodukt\/brouseny-kybl-na-led\/"},"modified":"2025-02-16T03:05:53","modified_gmt":"2025-02-16T02:05:53","slug":"brouseny-kybl-na-led","status":"publish","type":"product","link":"https:\/\/eterle.cz\/eshop\/produkt\/brouseny-kybl-na-led\/","title":{"rendered":"Brou\u0161en\u00fd k\u00fdbl na led"},"content":{"rendered":"<p>Mal\u00e1 n\u00e1doba na led o objemu 750 ml  z lit\u00e9ho \u010dir\u00e9ho skla bude dobr\u00fdm pomocn\u00edkem p\u0159i letn\u00edch sezen\u00edch na zahrad\u011b.<\/p>\n<p>Stav: perfektn\u00ed<br \/>\nRozm\u011br:<br \/>\nV\u00fd\u0161ka: 14 cm<br \/>\nHorn\u00ed pr\u016fm\u011br: 12 cm<br \/>\nSpodn\u00ed pr\u016fm\u011br: 8,5 cm<\/p>\n","protected":false},"excerpt":{"rendered":"<p>Mal\u00e1 n\u00e1doba na led o objemu 750 ml z lit\u00e9ho \u010dir\u00e9ho skla bude dobr\u00fdm pomocn\u00edkem p\u0159i letn\u00edch sezen\u00edch na zahrad\u011b.<\/p>\n","protected":false},"featured_media":6838,"template":"","meta":[],"product_brand":[153],"product_cat":[91],"product_tag":[],"class_list":{"0":"post-6837","1":"product","2":"type-product","3":"status-publish","4":"has-post-thumbnail","6":"product_brand-eterle-cz","7":"product_cat-prodane","9":"first","10":"outofstock","11":"purchasable","12":"product-type-simple"},"_links":{"self":[{"href":"https:\/\/eterle.cz\/eshop\/wp-json\/wp\/v2\/product\/6837","targetHints":{"allow":["GET"]}}],"collection":[{"href":"https:\/\/eterle.cz\/eshop\/wp-json\/wp\/v2\/product"}],"about":[{"href":"https:\/\/eterle.cz\/eshop\/wp-json\/wp\/v2\/types\/product"}],"version-history":[{"count":0,"href":"https:\/\/eterle.cz\/eshop\/wp-json\/wp\/v2\/product\/6837\/revisions"}],"wp:featuredmedia":[{"embeddable":true,"href":"https:\/\/eterle.cz\/eshop\/wp-json\/wp\/v2\/media\/6838"}],"wp:attachment":[{"href":"https:\/\/eterle.cz\/eshop\/wp-json\/wp\/v2\/media?parent=6837"}],"wp:term":[{"taxonomy":"product_brand","embeddable":true,"href":"https:\/\/eterle.cz\/eshop\/wp-json\/wp\/v2\/product_brand?post=6837"},{"taxonomy":"product_cat","embeddable":true,"href":"https:\/\/eterle.cz\/eshop\/wp-json\/wp\/v2\/product_cat?post=6837"},{"taxonomy":"product_tag","embeddable":true,"href":"https:\/\/eterle.cz\/eshop\/wp-json\/wp\/v2\/product_tag?post=6837"}],"curies":[{"name":"wp","href":"https:\/\/api.w.org\/{rel}","templated":true}]}}