{"id":6842,"date":"2021-06-02T20:58:34","date_gmt":"2021-06-02T18:58:34","guid":{"rendered":"https:\/\/eterle.cz\/eshopprodukt\/sklenena-vaza-3\/"},"modified":"2025-02-16T03:05:53","modified_gmt":"2025-02-16T02:05:53","slug":"sklenena-vaza-3","status":"publish","type":"product","link":"https:\/\/eterle.cz\/eshop\/produkt\/sklenena-vaza-3\/","title":{"rendered":"Sklen\u011bn\u00e1 v\u00e1za"},"content":{"rendered":"<p>Foukan\u00e1 v\u00e1za, kter\u00e1 je sp\u00ed\u0161 takov\u00fdm solit\u00e9rn\u00edm objektem &#8211; sochou. Nicm\u00e9n\u011b kv\u011btiny se do n\u00ed daj\u00ed aran\u017eovat tak\u00e9. Vynik\u00e1 nejen neobvykl\u00fdm tvarem, ale tak\u00e9 temn\u011b fialov\u00fdm zbarven\u00edm. Pokud m\u00e1te d\u011bti, chce ji to ale um\u00edstit do vy\u0161\u0161\u00edch polic, proto\u017ee je neuv\u011b\u0159iteln\u011b tenou\u010dk\u00e1 a lehk\u00e1, vy\u017eaduje tedy p\u0159eci jen \u0161etrn\u011bj\u0161\u00ed ruce, ne\u017e jsou ty d\u011btsk\u00e9 zv\u00eddav\u00e9.<\/p>\n<p>Stav: perfektn\u00ed<br \/>\nRozm\u011br:<br \/>\nV\u00fd\u0161ka: 23 cm<\/p>\n","protected":false},"excerpt":{"rendered":"<p>Foukan\u00e1 v\u00e1za, kter\u00e1 je sp\u00ed\u0161 takov\u00fdm solit\u00e9rn\u00edm objektem &#8211; sochou. Nicm\u00e9n\u011b kv\u011btiny se do n\u00ed daj\u00ed aran\u017eovat tak\u00e9. Vynik\u00e1 nejen<\/p>\n","protected":false},"featured_media":6843,"template":"","meta":[],"product_brand":[153],"product_cat":[91],"product_tag":[],"class_list":{"0":"post-6842","1":"product","2":"type-product","3":"status-publish","4":"has-post-thumbnail","6":"product_brand-eterle-cz","7":"product_cat-prodane","9":"first","10":"outofstock","11":"purchasable","12":"product-type-simple"},"_links":{"self":[{"href":"https:\/\/eterle.cz\/eshop\/wp-json\/wp\/v2\/product\/6842","targetHints":{"allow":["GET"]}}],"collection":[{"href":"https:\/\/eterle.cz\/eshop\/wp-json\/wp\/v2\/product"}],"about":[{"href":"https:\/\/eterle.cz\/eshop\/wp-json\/wp\/v2\/types\/product"}],"version-history":[{"count":0,"href":"https:\/\/eterle.cz\/eshop\/wp-json\/wp\/v2\/product\/6842\/revisions"}],"wp:featuredmedia":[{"embeddable":true,"href":"https:\/\/eterle.cz\/eshop\/wp-json\/wp\/v2\/media\/6843"}],"wp:attachment":[{"href":"https:\/\/eterle.cz\/eshop\/wp-json\/wp\/v2\/media?parent=6842"}],"wp:term":[{"taxonomy":"product_brand","embeddable":true,"href":"https:\/\/eterle.cz\/eshop\/wp-json\/wp\/v2\/product_brand?post=6842"},{"taxonomy":"product_cat","embeddable":true,"href":"https:\/\/eterle.cz\/eshop\/wp-json\/wp\/v2\/product_cat?post=6842"},{"taxonomy":"product_tag","embeddable":true,"href":"https:\/\/eterle.cz\/eshop\/wp-json\/wp\/v2\/product_tag?post=6842"}],"curies":[{"name":"wp","href":"https:\/\/api.w.org\/{rel}","templated":true}]}}