{"id":6845,"date":"2021-06-02T20:58:38","date_gmt":"2021-06-02T18:58:38","guid":{"rendered":"https:\/\/eterle.cz\/eshopprodukt\/sklenena-misa-lotos-velka-vaclav-zajic\/"},"modified":"2025-09-08T18:18:24","modified_gmt":"2025-09-08T16:18:24","slug":"sklenena-misa-lotos-velka-vaclav-zajic","status":"publish","type":"product","link":"https:\/\/eterle.cz\/eshop\/produkt\/sklenena-misa-lotos-velka-vaclav-zajic\/","title":{"rendered":"Sklen\u011bn\u00e1 m\u00edsa lotos velk\u00e1 \/ V\u00e1clav Zaj\u00edc"},"content":{"rendered":"<p>Kr\u00e1sn\u00e1 m\u00edsa ve tvaru lotosov\u00e9ho kv\u011btu byla navr\u017eena designerem V\u00e1clavem Zaj\u00edcem a vyrobena v 80. letech ve skl\u00e1rn\u011b Libochovice. Zaj\u00edcovy n\u00e1vrhy vynikaly plasti\u010dnosz\u00ed a matov\u00fdm povrchem, pr\u00e1v\u011b jako tato miska ze souboru Lotos. Sb\u011bratelsk\u00fd nad\u010dasov\u00fd kousek pln\u00fd elegance a symboliky.<\/p>\n<p>Zna\u010dka: V\u00e1clav Zaj\u00edc, Libochovice<br \/>\nStav: perfektn\u00ed<br \/>\nRozm\u011br:<br \/>\nV\u00fd\u0161ka: 10 cm<br \/>\nPr\u016fm\u011br: 23,5 cm<\/p>\n","protected":false},"excerpt":{"rendered":"<p>Kr\u00e1sn\u00e1 m\u00edsa ve tvaru lotosov\u00e9ho kv\u011btu byla navr\u017eena designerem V\u00e1clavem Zaj\u00edcem a vyrobena v 80. letech ve skl\u00e1rn\u011b Libochovice. Zaj\u00edcovy<\/p>\n","protected":false},"featured_media":6846,"template":"","meta":[],"product_brand":[153],"product_cat":[91],"product_tag":[],"class_list":{"0":"post-6845","1":"product","2":"type-product","3":"status-publish","4":"has-post-thumbnail","6":"product_brand-eterle-cz","7":"product_cat-prodane","9":"first","10":"outofstock","11":"purchasable","12":"product-type-simple"},"_links":{"self":[{"href":"https:\/\/eterle.cz\/eshop\/wp-json\/wp\/v2\/product\/6845","targetHints":{"allow":["GET"]}}],"collection":[{"href":"https:\/\/eterle.cz\/eshop\/wp-json\/wp\/v2\/product"}],"about":[{"href":"https:\/\/eterle.cz\/eshop\/wp-json\/wp\/v2\/types\/product"}],"version-history":[{"count":1,"href":"https:\/\/eterle.cz\/eshop\/wp-json\/wp\/v2\/product\/6845\/revisions"}],"predecessor-version":[{"id":26125,"href":"https:\/\/eterle.cz\/eshop\/wp-json\/wp\/v2\/product\/6845\/revisions\/26125"}],"wp:featuredmedia":[{"embeddable":true,"href":"https:\/\/eterle.cz\/eshop\/wp-json\/wp\/v2\/media\/6846"}],"wp:attachment":[{"href":"https:\/\/eterle.cz\/eshop\/wp-json\/wp\/v2\/media?parent=6845"}],"wp:term":[{"taxonomy":"product_brand","embeddable":true,"href":"https:\/\/eterle.cz\/eshop\/wp-json\/wp\/v2\/product_brand?post=6845"},{"taxonomy":"product_cat","embeddable":true,"href":"https:\/\/eterle.cz\/eshop\/wp-json\/wp\/v2\/product_cat?post=6845"},{"taxonomy":"product_tag","embeddable":true,"href":"https:\/\/eterle.cz\/eshop\/wp-json\/wp\/v2\/product_tag?post=6845"}],"curies":[{"name":"wp","href":"https:\/\/api.w.org\/{rel}","templated":true}]}}