{"id":6851,"date":"2021-06-02T20:58:53","date_gmt":"2021-06-02T18:58:53","guid":{"rendered":"https:\/\/eterle.cz\/eshopprodukt\/karafa-2\/"},"modified":"2025-02-16T03:05:52","modified_gmt":"2025-02-16T02:05:52","slug":"karafa-2","status":"publish","type":"product","link":"https:\/\/eterle.cz\/eshop\/produkt\/karafa-2\/","title":{"rendered":"Karafa"},"content":{"rendered":"<p>D\u00e1v\u00e1te \u010dasto jako d\u00e1rek alkohol? Co takhle p\u0159ekvapit a darovat k n\u011bmu i karafu? Tato v\u011bt\u0161\u00ed karafa je vhodn\u00e1 pro d\u00e1my i p\u00e1ny.<\/p>\n<p>Stav: perfektn\u00ed<br \/>\nRozm\u011br:<br \/>\nV\u00fd\u0161ka: 21 cm, 27 se \u0161puntem<br \/>\nDno: 11 cm x 6 cm<br \/>\nObjem: 750 ml<\/p>\n","protected":false},"excerpt":{"rendered":"<p>D\u00e1v\u00e1te \u010dasto jako d\u00e1rek alkohol? Co takhle p\u0159ekvapit a darovat k n\u011bmu i karafu? Tato v\u011bt\u0161\u00ed karafa je vhodn\u00e1 pro<\/p>\n","protected":false},"featured_media":6852,"template":"","meta":[],"product_brand":[153],"product_cat":[91],"product_tag":[],"class_list":{"0":"post-6851","1":"product","2":"type-product","3":"status-publish","4":"has-post-thumbnail","6":"product_brand-eterle-cz","7":"product_cat-prodane","9":"first","10":"outofstock","11":"purchasable","12":"product-type-simple"},"_links":{"self":[{"href":"https:\/\/eterle.cz\/eshop\/wp-json\/wp\/v2\/product\/6851","targetHints":{"allow":["GET"]}}],"collection":[{"href":"https:\/\/eterle.cz\/eshop\/wp-json\/wp\/v2\/product"}],"about":[{"href":"https:\/\/eterle.cz\/eshop\/wp-json\/wp\/v2\/types\/product"}],"version-history":[{"count":0,"href":"https:\/\/eterle.cz\/eshop\/wp-json\/wp\/v2\/product\/6851\/revisions"}],"wp:featuredmedia":[{"embeddable":true,"href":"https:\/\/eterle.cz\/eshop\/wp-json\/wp\/v2\/media\/6852"}],"wp:attachment":[{"href":"https:\/\/eterle.cz\/eshop\/wp-json\/wp\/v2\/media?parent=6851"}],"wp:term":[{"taxonomy":"product_brand","embeddable":true,"href":"https:\/\/eterle.cz\/eshop\/wp-json\/wp\/v2\/product_brand?post=6851"},{"taxonomy":"product_cat","embeddable":true,"href":"https:\/\/eterle.cz\/eshop\/wp-json\/wp\/v2\/product_cat?post=6851"},{"taxonomy":"product_tag","embeddable":true,"href":"https:\/\/eterle.cz\/eshop\/wp-json\/wp\/v2\/product_tag?post=6851"}],"curies":[{"name":"wp","href":"https:\/\/api.w.org\/{rel}","templated":true}]}}